{"id":728,"date":"2024-08-08T11:45:38","date_gmt":"2024-08-08T11:45:38","guid":{"rendered":"https:\/\/finoproperties.com\/?page_id=728"},"modified":"2025-12-15T15:42:50","modified_gmt":"2025-12-15T15:42:50","slug":"responsabilidade-social","status":"publish","type":"page","link":"https:\/\/finoproperties.com\/pt\/sobre-nos\/responsabilidade-social\/","title":{"rendered":"Responsabilidade social"},"content":{"rendered":"<section class=\"gpc-content-block  gpc-text-center\" id=\"gpc-content-block-block_0c37e06378c5eb7ddc0a1e4a68e3280e\">\r\n    <div class=\"dng-content-section\">\r\n        <div class=\"gpc-content\">\r\n                            <span class=\"overline\">SOBRE<\/span>\r\n                                            <h1>A nossa responsabilidade social<\/h1>\r\n                            <p><p><strong>Compromisso com prop\u00f3sito. Luxo com consci\u00eancia.<\/strong><\/p>\n<p>Na Fine &amp; Country, acreditamos que o luxo e a responsabilidade n\u00e3o s\u00f3 podem, como devem andar lado a lado. Como rede global presente nas localiza\u00e7\u00f5es mais exclusivas do mundo, estamos empenhados em criar um impacto positivo e duradouro \u2014 atrav\u00e9s da forma como trabalhamos, contribu\u00edmos e evolu\u00edmos.<br \/>\nA nossa abordagem \u00e0 responsabilidade social assenta em tr\u00eas pilares essenciais: Pessoas, Planeta e Comunidade. Estes princ\u00edpios orientam as nossas decis\u00f5es e incentivam a nossa rede a agir com sentido e responsabilidade em todos os n\u00edveis.<\/p>\n<\/p>\r\n                    <\/div>\r\n    <\/div>\r\n<\/section>\n\n\n<figure class=\"wp-block-video\"><video autoplay loop muted src=\"https:\/\/finoproperties.com\/wp-content\/uploads\/2024\/08\/website-header-community-animation.mp4\" playsinline><\/video><\/figure>\n\n\n<section class=\"gpc-media-text\" id=\"gpc-media-text-block_8fcc85c56d9977a44c8c475457f29748\">\r\n    <div class=\"dng-content-section\">\r\n                        <div class=\"d-flex\">\r\n                                            <div class=\"gpc-flex-content\">\r\n                            <h2>Pessoas<\/h2>\n<p><strong>Diversidade, inclus\u00e3o e integridade<br \/>\n<\/strong><br \/>\nO nosso sucesso come\u00e7a com as pessoas. Em toda a rede internacional, promovemos uma cultura de profissionalismo, inclus\u00e3o e respeito. Reconhecemos que a diversidade gera novas perspetivas, di\u00e1logos mais ricos e melhores resultados.<br \/>\nNa Fine &amp; Country, cada pessoa \u00e9 valorizada e cada voz \u00e9 ouvida. Esfor\u00e7amo-nos por criar um ambiente onde as nossas equipas possam crescer \u2014 pessoal e profissionalmente \u2014 enquanto contribuem para uma miss\u00e3o comum. Investimos no desenvolvimento, promovemos a diversidade e agimos com \u00e9tica, garantindo que a excel\u00eancia seja tanto um resultado como uma pr\u00e1tica di\u00e1ria.<\/p>\n                        <\/div>\r\n                                        <div class=\"gpc-flex-media\">\r\n                        <img decoding=\"async\" width=\"560\" height=\"440\" src=\"https:\/\/finoproperties.com\/wp-content\/uploads\/2024\/08\/Corporate-culture.webp\" class=\"attachment-full size-full\" alt=\"\" srcset=\"https:\/\/finoproperties.com\/wp-content\/uploads\/2024\/08\/Corporate-culture.webp 560w, https:\/\/finoproperties.com\/wp-content\/uploads\/2024\/08\/Corporate-culture-300x236.webp 300w\" sizes=\"(max-width: 560px) 100vw, 560px\" \/>                    <\/div>\r\n                <\/div>\r\n                        <div class=\"d-flex\">\r\n                                            <div class=\"gpc-flex-content\">\r\n                            <h2>Comunidade<\/h2>\n<p><strong>Cuidamos localmente, agimos globalmente<br \/>\n<\/strong><br \/>\nCom mais de 300 escrit\u00f3rios em todo o mundo, sabemos que a nossa influ\u00eancia vai muito al\u00e9m do setor imobili\u00e1rio. Acreditamos que os profissionais do imobili\u00e1rio s\u00e3o tamb\u00e9m agentes de impacto nas suas comunidades.<\/p>\n<p>Apoiamos ativamente causas sociais atrav\u00e9s de voluntariado, angaria\u00e7\u00f5es de fundos e envolvimento direto. Cada escrit\u00f3rio Fine &amp; Country \u00e9 incentivado a colaborar com a sua comunidade local, e oferecemos dias de voluntariado remunerado.<\/p>\n<p>A nossa funda\u00e7\u00e3o \u2014 a Fine &amp; Country Foundation \u2014 foi criada em 2014 para combater a pobreza e a falta de habita\u00e7\u00e3o. Desde ent\u00e3o, j\u00e1 distribuiu mais de \u00a3600.000 em donativos a organiza\u00e7\u00f5es locais no Reino Unido e no estrangeiro. Atrav\u00e9s de apoios bianuais e iniciativas comunit\u00e1rias, ajudamos quem mais precisa de seguran\u00e7a e abrigo.<\/p>\n<p><b>The Fine &amp; Country Foundation<\/b><b><br \/>\n<\/b><i><span style=\"font-weight: 400;\">Sensibilizar. Reconstruir vidas.<\/span><\/i><i><span style=\"font-weight: 400;\"><br \/>\n<\/span><\/i><span style=\"font-weight: 400;\">Fundada com a miss\u00e3o de garantir que todos tenham um lugar seguro a que chamar lar, a Funda\u00e7\u00e3o une agentes, clientes e comunidades em torno de causas essenciais.<\/span><\/p>\n<p><span style=\"font-weight: 400;\">Para apoiar \u2014 com um donativo ou com a sua pr\u00f3pria angaria\u00e7\u00e3o de fundos \u2014 contacte-nos atrav\u00e9s de foundation@fineandcountry.com ou pelo n\u00famero +44 (0)20 3368 8221.<\/span><span style=\"font-weight: 400;\"><br \/>\n<\/span><a href=\"https:\/\/www.fineandcountryfoundation.com\" target=\"_blank\" rel=\"noopener\"><b>Fazer um donativo<\/b><span style=\"font-weight: 400;\"> \u203a<\/span><\/a><\/p>\n                        <\/div>\r\n                                        <div class=\"gpc-flex-media\">\r\n                        <img decoding=\"async\" width=\"560\" height=\"440\" src=\"https:\/\/finoproperties.com\/wp-content\/uploads\/2024\/08\/Foundation-network-fundraiser.webp\" class=\"attachment-full size-full\" alt=\"\" srcset=\"https:\/\/finoproperties.com\/wp-content\/uploads\/2024\/08\/Foundation-network-fundraiser.webp 560w, https:\/\/finoproperties.com\/wp-content\/uploads\/2024\/08\/Foundation-network-fundraiser-300x236.webp 300w\" sizes=\"(max-width: 560px) 100vw, 560px\" \/>                    <\/div>\r\n                <\/div>\r\n                        <div class=\"d-flex\">\r\n                                            <div class=\"gpc-flex-content\">\r\n                            <h2>Planeta<\/h2>\n<p><strong>Crescimento sustent\u00e1vel para um futuro partilhado<br \/>\n<\/strong><br \/>\nSabemos que o futuro do imobili\u00e1rio est\u00e1 diretamente ligado \u00e0 sa\u00fade do planeta. Por isso, a sustentabilidade est\u00e1 no centro da nossa estrat\u00e9gia.<\/p>\n<p>Em toda a rede Fine &amp; Country, estamos comprometidos em reduzir a nossa pegada ecol\u00f3gica \u2014 diminuindo emiss\u00f5es e res\u00edduos, promovendo im\u00f3veis sustent\u00e1veis e incentivando a inova\u00e7\u00e3o ecol\u00f3gica. Encorajamos as nossas equipas e parceiros a adotar pr\u00e1ticas ambientais respons\u00e1veis no dia a dia e nas suas decis\u00f5es estrat\u00e9gicas.<\/p>\n<p>Pensar a longo prazo, agir com responsabilidade e abra\u00e7ar a inova\u00e7\u00e3o \u2014 \u00e9 assim que lideramos com consci\u00eancia no mercado imobili\u00e1rio de luxo.<\/p>\n                        <\/div>\r\n                                        <div class=\"gpc-flex-media gpx-media-gallery\">\r\n                        <img decoding=\"async\" width=\"260\" height=\"276\" src=\"https:\/\/finoproperties.com\/wp-content\/uploads\/2024\/08\/Planet.webp\" class=\"attachment-full size-full\" alt=\"\" \/><img decoding=\"async\" width=\"260\" height=\"276\" src=\"https:\/\/finoproperties.com\/wp-content\/uploads\/2024\/08\/potted_plant_2022-02-17-050819_lesh.webp\" class=\"attachment-full size-full\" alt=\"\" \/><img decoding=\"async\" width=\"260\" height=\"276\" src=\"https:\/\/finoproperties.com\/wp-content\/uploads\/2024\/08\/Waterfall.webp\" class=\"attachment-full size-full\" alt=\"\" \/>                    <\/div>\r\n                <\/div>\r\n            <\/div>\r\n<\/section>\n\n<section class=\"gpc-notification\" id=\"gpc-notification-block_aa68c1bed1e2be0031750b7618229bbc\">\r\n    <div class=\"dng-content-section\">\r\n        <p class=\"subtitle2\"><\/p>\r\n    <\/div>\r\n<\/section>\n\n\n<section class=\"dng-why-choose-fc__parent\">\n    <div class=\"dng-why-choose-fc__child\">\n                    <h2 class=\"title1 dng-title\">Porqu\u00ea a Fine &amp; Country?<\/h2>\n                            <p class=\"subtitle2 dng-desc\">Na Fine &amp; Country, adotamos uma abordagem diferenciadora \u00e0 venda de casas exclusivas, aliando criatividade e aten\u00e7\u00e3o ao detalhe \u00e0 experi\u00eancia de agentes locais, dentro de uma forte rede internacional com capacidades de marketing de alto impacto.<\/p>\n                <div class=\"dng-fc-counter__container\">\n                                                <div class=\"dng-fc-counter__widget\">\n                        <div class=\"dng-fc-counter__number-wrapper display dng-count-level\">\n                                                                                        <span class=\"dng-fc-counter__number dng-count-up\" data-value=\"300\"><\/span>\n                                                                                <\/div>\n                                                    <p class=\"dng-fc-counter__desc body1\">Localiza\u00e7\u00f5es em todo o mundo, incluindo mais de 220 agentes no Reino Unido<\/p>\n                                                                            <a class=\"btn-lg btn btn-primary-outline\" href=\"https:\/\/finoproperties.com\/pt\/contacte-nos\/\" target=\"\">ENCONTRAR UM ESCRIT\u00d3RIO<\/a>\n                                            <\/div>\n                                    <div class=\"dng-fc-counter__widget\">\n                        <div class=\"dng-fc-counter__number-wrapper display dng-count-level\">\n                                                                                        <span class=\"dng-fc-counter__number dng-count-up\" data-value=\"1000\"><\/span>\n                                                                                        <span class=\"dng-fc-counter__number-suffix\">+<\/span>\n                                                    <\/div>\n                                                    <p class=\"dng-fc-counter__desc body1\">Especialistas imobili\u00e1rios<\/p>\n                                                                            <a class=\"btn-lg btn btn-primary-outline\" href=\"https:\/\/finoproperties.com\/pt\/contacte-nos\/\" target=\"\">ENCONTRAR UM ESPECIALISTA<\/a>\n                                            <\/div>\n                                    <div class=\"dng-fc-counter__widget\">\n                        <div class=\"dng-fc-counter__number-wrapper display dng-count-level\">\n                                                                                        <span class=\"dng-fc-counter__number dng-count-up\" data-value=\"7\"><\/span>\n                                                                                        <span class=\"dng-fc-counter__number-suffix\">\/10<\/span>\n                                                    <\/div>\n                                                    <p class=\"dng-fc-counter__desc body1\">Pr\u00e9mio \u201cBest International Estate Agency Marketing\u201d em 7 dos \u00faltimos 10 anos<\/p>\n                                                                            <a class=\"btn-lg btn btn-primary-outline\" href=\"https:\/\/finoproperties.com\/pt\/marketing\/\" target=\"\">SAIBA MAIS<\/a>\n                                            <\/div>\n                                    <div class=\"dng-fc-counter__widget\">\n                        <div class=\"dng-fc-counter__number-wrapper display dng-count-level\">\n                                                            <span class=\"dng-fc-counter__number-perfix\">\u00a3<\/span>\n                                                                                        <span class=\"dng-fc-counter__number dng-count-up\" data-value=\"645\"><\/span>\n                                                                                        <span class=\"dng-fc-counter__number-suffix\">k+<\/span>\n                                                    <\/div>\n                                                    <p class=\"dng-fc-counter__desc body1\">Angaria\u00e7\u00e3o de fundos para a Fine &amp; Country Foundation<\/p>\n                                                                            <a class=\"btn-lg btn btn-primary-outline\" href=\"https:\/\/www.fineandcountryfoundation.com\/\" target=\"_blank\">SAIBA MAIS<\/a>\n                                            <\/div>\n                                    <\/div>\n    <\/div>\n    <\/div>\n<\/section>\n\n\n<section class=\"gpc-company-slider\" id=\"gpc-company-slider-block_7fcafa9e51a013d23f1e46c299401504\">\r\n    <div class=\"dng-content-section\">\r\n        <h2>Pode tamb\u00e9m ter interesse em...<\/h2>\r\n                    <div class=\"company-slider owl-carousel owl-theme\">\r\n                                    <div class=\"company-slider-Item\">\r\n                        <div class=\"company-slider-content\">\r\n                                                            <div class=\"company-slider_img\">\r\n                                    <img decoding=\"async\" width=\"440\" height=\"260\" src=\"https:\/\/finoproperties.com\/wp-content\/uploads\/2024\/08\/Little-things-cropped.webp\" class=\"attachment-full size-full\" alt=\"\" srcset=\"https:\/\/finoproperties.com\/wp-content\/uploads\/2024\/08\/Little-things-cropped.webp 440w, https:\/\/finoproperties.com\/wp-content\/uploads\/2024\/08\/Little-things-cropped-300x177.webp 300w\" sizes=\"(max-width: 440px) 100vw, 440px\" \/>                                <\/div>\r\n                                                        <h4>Porqu\u00ea a Fine &amp; Country<\/h4>\r\n                                                            <p class=\"body1\">Na Fine &amp; Country, oferecemos uma abordagem inovadora...<\/p>\r\n                                                            <a href=\"https:\/\/finoproperties.com\/pt\/sobre-nos\/porque-a-fine-country\/\" target=\"\" class=\"button-text\">SAIBA MAIS<\/a>\r\n                                                    <\/div>\r\n                    <\/div>\r\n                                    <div class=\"company-slider-Item\">\r\n                        <div class=\"company-slider-content\">\r\n                                                            <div class=\"company-slider_img\">\r\n                                    <img decoding=\"async\" width=\"440\" height=\"260\" src=\"https:\/\/finoproperties.com\/wp-content\/uploads\/2024\/08\/DSC_9655.webp\" class=\"attachment-full size-full\" alt=\"\" srcset=\"https:\/\/finoproperties.com\/wp-content\/uploads\/2024\/08\/DSC_9655.webp 440w, https:\/\/finoproperties.com\/wp-content\/uploads\/2024\/08\/DSC_9655-300x177.webp 300w\" sizes=\"(max-width: 440px) 100vw, 440px\" \/>                                <\/div>\r\n                                                        <h4>Os nossos pr\u00e9mios<\/h4>\r\n                                                            <p class=\"body1\">Esfor\u00e7amo-nos por prestar o melhor servi\u00e7o a todos...<\/p>\r\n                                                            <a href=\"https:\/\/finoproperties.com\/pt\/sobre-nos\/premios\/\" target=\"\" class=\"button-text\">SAIBA MAIS<\/a>\r\n                                                    <\/div>\r\n                    <\/div>\r\n                                    <div class=\"company-slider-Item\">\r\n                        <div class=\"company-slider-content\">\r\n                                                            <div class=\"company-slider_img\">\r\n                                    <img decoding=\"async\" width=\"440\" height=\"260\" src=\"https:\/\/finoproperties.com\/wp-content\/uploads\/2024\/08\/Our-culture-2.webp\" class=\"attachment-full size-full\" alt=\"\" srcset=\"https:\/\/finoproperties.com\/wp-content\/uploads\/2024\/08\/Our-culture-2.webp 440w, https:\/\/finoproperties.com\/wp-content\/uploads\/2024\/08\/Our-culture-2-300x177.webp 300w\" sizes=\"(max-width: 440px) 100vw, 440px\" \/>                                <\/div>\r\n                                                        <h4>A nossa cultura<\/h4>\r\n                                                            <p class=\"body1\">Na Fine &amp; Country prestamos o melhor servi\u00e7o a clientes, parceiros e profissionais do setor, fomentando colabora\u00e7\u00e3o, transpar\u00eancia e resultados sustent\u00e1veis.<\/p>\r\n                                                            <a href=\"https:\/\/finoproperties.com\/pt\/sobre-nos\/a-nossa-cultura\/\" target=\"\" class=\"button-text\">SAIBA MAIS<\/a>\r\n                                                    <\/div>\r\n                    <\/div>\r\n                                    <div class=\"company-slider-Item\">\r\n                        <div class=\"company-slider-content\">\r\n                                                            <div class=\"company-slider_img\">\r\n                                    <img decoding=\"async\" width=\"440\" height=\"260\" src=\"https:\/\/finoproperties.com\/wp-content\/uploads\/2024\/08\/no-image-case-studies.webp\" class=\"attachment-full size-full\" alt=\"\" srcset=\"https:\/\/finoproperties.com\/wp-content\/uploads\/2024\/08\/no-image-case-studies.webp 440w, https:\/\/finoproperties.com\/wp-content\/uploads\/2024\/08\/no-image-case-studies-300x177.webp 300w\" sizes=\"(max-width: 440px) 100vw, 440px\" \/>                                <\/div>\r\n                                                        <h4>Media Centre<\/h4>\r\n                                                            <p class=\"body1\">O nosso Media Centre \u00e9 composto por uma equipa de...<\/p>\r\n                                                            <a href=\"https:\/\/finoproperties.com\/pt\/sobre-nos\/media-centre\/\" target=\"\" class=\"button-text\">SAIBA MAIS<\/a>\r\n                                                    <\/div>\r\n                    <\/div>\r\n                                    <div class=\"company-slider-Item\">\r\n                        <div class=\"company-slider-content\">\r\n                                                            <div class=\"company-slider_img\">\r\n                                    <img decoding=\"async\" width=\"440\" height=\"260\" src=\"https:\/\/finoproperties.com\/wp-content\/uploads\/2024\/08\/Outdoor.webp\" class=\"attachment-full size-full\" alt=\"\" srcset=\"https:\/\/finoproperties.com\/wp-content\/uploads\/2024\/08\/Outdoor.webp 440w, https:\/\/finoproperties.com\/wp-content\/uploads\/2024\/08\/Outdoor-300x177.webp 300w\" sizes=\"(max-width: 440px) 100vw, 440px\" \/>                                <\/div>\r\n                                                        <h4>Responsabilidade social<\/h4>\r\n                                                            <p class=\"body1\">\u00c0 medida que a rede Fine &amp; Country investe...<\/p>\r\n                                                            <a href=\"https:\/\/finoproperties.com\/pt\/sobre-nos\/responsabilidade-social\/\" target=\"\" class=\"button-text\">SAIBA MAIS<\/a>\r\n                                                    <\/div>\r\n                    <\/div>\r\n                            <\/div>\r\n            <\/div>\r\n<\/section>","protected":false},"excerpt":{"rendered":"","protected":false},"author":3,"featured_media":0,"parent":598,"menu_order":0,"comment_status":"closed","ping_status":"closed","template":"","meta":{"_acf_changed":false,"footnotes":""},"class_list":["post-728","page","type-page","status-publish"],"acf":[],"yoast_head":"<!-- This site is optimized with the Yoast SEO Premium plugin v23.1 (Yoast SEO v23.1) - https:\/\/yoast.com\/wordpress\/plugins\/seo\/ -->\n<title>Corporate social responsibility - Fine &amp; Country Algarve<\/title>\n<meta name=\"robots\" content=\"index, follow, max-snippet:-1, max-image-preview:large, max-video-preview:-1\" \/>\n<link rel=\"canonical\" href=\"https:\/\/finoproperties.com\/pt\/sobre-nos\/responsabilidade-social\/\" \/>\n<meta property=\"og:locale\" content=\"pt_PT\" \/>\n<meta property=\"og:type\" content=\"article\" \/>\n<meta property=\"og:title\" content=\"Corporate social responsibility\" \/>\n<meta property=\"og:url\" content=\"https:\/\/finoproperties.com\/pt\/sobre-nos\/responsabilidade-social\/\" \/>\n<meta property=\"og:site_name\" content=\"Fine &amp; Country Algarve\" \/>\n<meta property=\"article:modified_time\" content=\"2025-12-15T15:42:50+00:00\" \/>\n<meta name=\"twitter:card\" content=\"summary_large_image\" \/>\n<meta name=\"twitter:label1\" content=\"Tempo estimado de leitura\" \/>\n\t<meta name=\"twitter:data1\" content=\"1 minuto\" \/>\n<script type=\"application\/ld+json\" class=\"yoast-schema-graph\">{\"@context\":\"https:\/\/schema.org\",\"@graph\":[{\"@type\":\"WebPage\",\"@id\":\"https:\/\/finoproperties.com\/pt\/sobre-nos\/responsabilidade-social\/\",\"url\":\"https:\/\/finoproperties.com\/pt\/sobre-nos\/responsabilidade-social\/\",\"name\":\"Corporate social responsibility - Fine &amp; Country Algarve\",\"isPartOf\":{\"@id\":\"https:\/\/finoproperties.com\/pt\/#website\"},\"datePublished\":\"2024-08-08T11:45:38+00:00\",\"dateModified\":\"2025-12-15T15:42:50+00:00\",\"breadcrumb\":{\"@id\":\"https:\/\/finoproperties.com\/pt\/sobre-nos\/responsabilidade-social\/#breadcrumb\"},\"inLanguage\":\"pt-PT\",\"potentialAction\":[{\"@type\":\"ReadAction\",\"target\":[\"https:\/\/finoproperties.com\/pt\/sobre-nos\/responsabilidade-social\/\"]}]},{\"@type\":\"BreadcrumbList\",\"@id\":\"https:\/\/finoproperties.com\/pt\/sobre-nos\/responsabilidade-social\/#breadcrumb\",\"itemListElement\":[{\"@type\":\"ListItem\",\"position\":1,\"name\":\"Home\",\"item\":\"https:\/\/finoproperties.com\/\"},{\"@type\":\"ListItem\",\"position\":2,\"name\":\"About Us\",\"item\":\"https:\/\/finoproperties.com\/about-us\/\"},{\"@type\":\"ListItem\",\"position\":3,\"name\":\"Corporate social responsibility\"}]},{\"@type\":\"WebSite\",\"@id\":\"https:\/\/finoproperties.com\/pt\/#website\",\"url\":\"https:\/\/finoproperties.com\/pt\/\",\"name\":\"Fine &amp; Country Algarve\",\"description\":\"Exceptional homes, beautifully presented\",\"publisher\":{\"@id\":\"https:\/\/finoproperties.com\/pt\/#organization\"},\"potentialAction\":[{\"@type\":\"SearchAction\",\"target\":{\"@type\":\"EntryPoint\",\"urlTemplate\":\"https:\/\/finoproperties.com\/pt\/?s={search_term_string}\"},\"query-input\":\"required name=search_term_string\"}],\"inLanguage\":\"pt-PT\"},{\"@type\":\"Organization\",\"@id\":\"https:\/\/finoproperties.com\/pt\/#organization\",\"name\":\"Fine &amp; Country Algarve\",\"url\":\"https:\/\/finoproperties.com\/pt\/\",\"logo\":{\"@type\":\"ImageObject\",\"inLanguage\":\"pt-PT\",\"@id\":\"https:\/\/finoproperties.com\/pt\/#\/schema\/logo\/image\/\",\"url\":\"https:\/\/finoproperties.com\/wp-content\/uploads\/2026\/02\/FC-Logo-Stacked_Full-Colour.png\",\"contentUrl\":\"https:\/\/finoproperties.com\/wp-content\/uploads\/2026\/02\/FC-Logo-Stacked_Full-Colour.png\",\"width\":3205,\"height\":822,\"caption\":\"Fine &amp; Country Algarve\"},\"image\":{\"@id\":\"https:\/\/finoproperties.com\/pt\/#\/schema\/logo\/image\/\"}}]}<\/script>\n<!-- \/ Yoast SEO Premium plugin. -->","yoast_head_json":{"title":"Corporate social responsibility - Fine &amp; Country Algarve","robots":{"index":"index","follow":"follow","max-snippet":"max-snippet:-1","max-image-preview":"max-image-preview:large","max-video-preview":"max-video-preview:-1"},"canonical":"https:\/\/finoproperties.com\/pt\/sobre-nos\/responsabilidade-social\/","og_locale":"pt_PT","og_type":"article","og_title":"Corporate social responsibility","og_url":"https:\/\/finoproperties.com\/pt\/sobre-nos\/responsabilidade-social\/","og_site_name":"Fine &amp; Country Algarve","article_modified_time":"2025-12-15T15:42:50+00:00","twitter_card":"summary_large_image","twitter_misc":{"Tempo estimado de leitura":"1 minuto"},"schema":{"@context":"https:\/\/schema.org","@graph":[{"@type":"WebPage","@id":"https:\/\/finoproperties.com\/pt\/sobre-nos\/responsabilidade-social\/","url":"https:\/\/finoproperties.com\/pt\/sobre-nos\/responsabilidade-social\/","name":"Corporate social responsibility - Fine &amp; Country Algarve","isPartOf":{"@id":"https:\/\/finoproperties.com\/pt\/#website"},"datePublished":"2024-08-08T11:45:38+00:00","dateModified":"2025-12-15T15:42:50+00:00","breadcrumb":{"@id":"https:\/\/finoproperties.com\/pt\/sobre-nos\/responsabilidade-social\/#breadcrumb"},"inLanguage":"pt-PT","potentialAction":[{"@type":"ReadAction","target":["https:\/\/finoproperties.com\/pt\/sobre-nos\/responsabilidade-social\/"]}]},{"@type":"BreadcrumbList","@id":"https:\/\/finoproperties.com\/pt\/sobre-nos\/responsabilidade-social\/#breadcrumb","itemListElement":[{"@type":"ListItem","position":1,"name":"Home","item":"https:\/\/finoproperties.com\/"},{"@type":"ListItem","position":2,"name":"About Us","item":"https:\/\/finoproperties.com\/about-us\/"},{"@type":"ListItem","position":3,"name":"Corporate social responsibility"}]},{"@type":"WebSite","@id":"https:\/\/finoproperties.com\/pt\/#website","url":"https:\/\/finoproperties.com\/pt\/","name":"Fine &amp; Country Algarve","description":"Exceptional homes, beautifully presented","publisher":{"@id":"https:\/\/finoproperties.com\/pt\/#organization"},"potentialAction":[{"@type":"SearchAction","target":{"@type":"EntryPoint","urlTemplate":"https:\/\/finoproperties.com\/pt\/?s={search_term_string}"},"query-input":"required name=search_term_string"}],"inLanguage":"pt-PT"},{"@type":"Organization","@id":"https:\/\/finoproperties.com\/pt\/#organization","name":"Fine &amp; Country Algarve","url":"https:\/\/finoproperties.com\/pt\/","logo":{"@type":"ImageObject","inLanguage":"pt-PT","@id":"https:\/\/finoproperties.com\/pt\/#\/schema\/logo\/image\/","url":"https:\/\/finoproperties.com\/wp-content\/uploads\/2026\/02\/FC-Logo-Stacked_Full-Colour.png","contentUrl":"https:\/\/finoproperties.com\/wp-content\/uploads\/2026\/02\/FC-Logo-Stacked_Full-Colour.png","width":3205,"height":822,"caption":"Fine &amp; Country Algarve"},"image":{"@id":"https:\/\/finoproperties.com\/pt\/#\/schema\/logo\/image\/"}}]}},"_links":{"self":[{"href":"https:\/\/finoproperties.com\/pt\/wp-json\/wp\/v2\/pages\/728","targetHints":{"allow":["GET"]}}],"collection":[{"href":"https:\/\/finoproperties.com\/pt\/wp-json\/wp\/v2\/pages"}],"about":[{"href":"https:\/\/finoproperties.com\/pt\/wp-json\/wp\/v2\/types\/page"}],"author":[{"embeddable":true,"href":"https:\/\/finoproperties.com\/pt\/wp-json\/wp\/v2\/users\/3"}],"replies":[{"embeddable":true,"href":"https:\/\/finoproperties.com\/pt\/wp-json\/wp\/v2\/comments?post=728"}],"version-history":[{"count":5,"href":"https:\/\/finoproperties.com\/pt\/wp-json\/wp\/v2\/pages\/728\/revisions"}],"predecessor-version":[{"id":1764,"href":"https:\/\/finoproperties.com\/pt\/wp-json\/wp\/v2\/pages\/728\/revisions\/1764"}],"up":[{"embeddable":true,"href":"https:\/\/finoproperties.com\/pt\/wp-json\/wp\/v2\/pages\/598"}],"wp:attachment":[{"href":"https:\/\/finoproperties.com\/pt\/wp-json\/wp\/v2\/media?parent=728"}],"curies":[{"name":"wp","href":"https:\/\/api.w.org\/{rel}","templated":true}]}}