{"id":662,"date":"2024-08-08T11:23:44","date_gmt":"2024-08-08T11:23:44","guid":{"rendered":"https:\/\/finoproperties.com\/?page_id=662"},"modified":"2025-12-15T15:35:45","modified_gmt":"2025-12-15T15:35:45","slug":"a-nossa-cultura","status":"publish","type":"page","link":"https:\/\/finoproperties.com\/pt\/sobre-nos\/a-nossa-cultura\/","title":{"rendered":"A Cultura Fine &amp; Country"},"content":{"rendered":"<section class=\"gpc-content-block  gpc-text-center\" id=\"gpc-content-block-block_1a33dffe826fe401f84b27d8ff5d8e11\">\r\n    <div class=\"dng-content-section\">\r\n        <div class=\"gpc-content\">\r\n                            <span class=\"overline\">SOBRE<\/span>\r\n                                            <h1>A cultura Fine &amp; Country<\/h1>\r\n                            <p><p><strong>Enraizada em valores. Movida por prop\u00f3sito. Unida pela excel\u00eancia.<\/strong><\/p>\n<p>Na Fine &amp; Country, a nossa cultura n\u00e3o \u00e9 apenas uma declara\u00e7\u00e3o \u2014 \u00e9 uma pr\u00e1tica vivida todos os dias. Ao longo da nossa rede internacional, mantemos os mais elevados padr\u00f5es, tanto na forma como servimos os nossos clientes como na forma como apoiamos os nossos colegas. Quer esteja a comprar, a vender ou a representar a marca, vai sentir a diferen\u00e7a na nossa forma de trabalhar \u2014 com cuidado, integridade e aten\u00e7\u00e3o ao detalhe.<\/p>\n<p>Existimos para elevar a experi\u00eancia imobili\u00e1ria no segmento premium. Essa miss\u00e3o orienta as nossas decis\u00f5es, molda as nossas rela\u00e7\u00f5es e define o servi\u00e7o excecional que prestamos em todos os mercados.<\/p>\n<\/p>\r\n                    <\/div>\r\n    <\/div>\r\n<\/section>\n\n<section class=\"gpc-image-block  gpc-mblFixedImag\" id=\"gpc-image-block-block_622e1c6839d2c59a5dbe1db9c4569f74\" style=\"background-image:url(https:\/\/finoproperties.com\/wp-content\/uploads\/2024\/08\/Our-culture-2-1.webp)\">\r\n<\/section>\n\n<section class=\"gpc-notification\" id=\"gpc-notification-block_4a905f84dcb611bbdd4673be581681ac\">\r\n    <div class=\"dng-content-section\">\r\n        <p class=\"subtitle2\">Descubra mais sobre como fazer parte da fam\u00edlia Fine &amp; Country<\/p>\r\n    <\/div>\r\n<\/section>\n\n<section class=\"gpc-mission-block\" id=\"gpc-mission-block-block_af54e5d87fa6ee931847f069ddf60cd3\">\r\n    <div class=\"dng-content-section\">\r\n                    <h2 class=\"title1\">A nossa Vis\u00e3o<\/h2>\r\n                    <p class=\"subtitle1\">Ser a marca de refer\u00eancia em imobili\u00e1rio de luxo \u2014 para clientes exigentes e profissionais dedicados, em todo o mundo.<\/p>\r\n            <\/div>\r\n<\/section>\n\n<section class=\"gpc-mission-block\" id=\"gpc-mission-block-block_34b36af9f60c133e9143aeba07246298\">\r\n    <div class=\"dng-content-section\">\r\n                    <h2 class=\"title1\">Os nossos valores<\/h2>\r\n                    <p class=\"subtitle1\">Estes seis valores sustentam a cultura Fine &amp; Country. S\u00e3o a base da forma como atuamos, comunicamos e tomamos decis\u00f5es.<\/p>\r\n                    <div class=\"gpc-mission-wrap\">\r\n                <div class=\"row\">\r\n                                            <div class=\"gpc-mission-col\">\r\n                            <img decoding=\"async\" width=\"100\" height=\"100\" src=\"https:\/\/finoproperties.com\/wp-content\/uploads\/2024\/07\/09bcd3bcc0b871d65ba3aff71ad8de38.png\" class=\"attachment-full size-full\" alt=\"\" \/>                                <h5>Honestidade<\/h5>\r\n                                                            <div class=\"gpc-col-content\">\r\n                                    <p><span style=\"font-weight: 400;\">Comunicamos com clareza, atuamos com transpar\u00eancia e colocamos a confian\u00e7a no centro de todas as rela\u00e7\u00f5es.<\/span><\/p>\n                                <\/div>\r\n                                                    <\/div>\r\n                                            <div class=\"gpc-mission-col\">\r\n                            <img decoding=\"async\" width=\"100\" height=\"100\" src=\"https:\/\/finoproperties.com\/wp-content\/uploads\/2024\/07\/5d259c8ca81555d701945c73e07fc8bb.png\" class=\"attachment-full size-full\" alt=\"\" \/>                                <h5>Apoio e colabora\u00e7\u00e3o<\/h5>\r\n                                                            <div class=\"gpc-col-content\">\r\n                                    <p>Partilhamos ideias e conhecimento, sempre com o foco no melhor interesse dos nossos clientes.<\/p>\n                                <\/div>\r\n                                                    <\/div>\r\n                                            <div class=\"gpc-mission-col\">\r\n                            <img decoding=\"async\" width=\"100\" height=\"100\" src=\"https:\/\/finoproperties.com\/wp-content\/uploads\/2024\/07\/5add6f9e2c7f9b788b18f519d49ab8f9.png\" class=\"attachment-full size-full\" alt=\"\" \/>                                <h5>Compromisso com a comunidade<\/h5>\r\n                                                            <div class=\"gpc-col-content\">\r\n                                    <p>Atrav\u00e9s da Fine &amp; Country Foundation e de parcerias locais, apoiamos causas sociais e lutamos contra o problema da falta de habita\u00e7\u00e3o.<\/p>\n                                <\/div>\r\n                                                    <\/div>\r\n                                            <div class=\"gpc-mission-col\">\r\n                            <img decoding=\"async\" width=\"140\" height=\"140\" src=\"https:\/\/finoproperties.com\/wp-content\/uploads\/2024\/07\/Ellipse-3-4.png\" class=\"attachment-full size-full\" alt=\"\" \/>                                <h5>Foco nas pessoas<\/h5>\r\n                                                            <div class=\"gpc-col-content\">\r\n                                    <p>Valorizamos rela\u00e7\u00f5es, n\u00e3o apenas transa\u00e7\u00f5es. Ouvimos, compreendemos e adaptamo-nos \u00e0s necessidades de cada pessoa com empatia e respeito.<\/p>\n                                <\/div>\r\n                                                    <\/div>\r\n                                            <div class=\"gpc-mission-col\">\r\n                            <img decoding=\"async\" width=\"140\" height=\"140\" src=\"https:\/\/finoproperties.com\/wp-content\/uploads\/2024\/07\/Ellipse-3-5.png\" class=\"attachment-full size-full\" alt=\"\" \/>                                <h5>Inova\u00e7\u00e3o<\/h5>\r\n                                                            <div class=\"gpc-col-content\">\r\n                                    <p>Acreditamos em novas ideias, tecnologia e abordagens criativas para melhorar a experi\u00eancia de todos no setor imobili\u00e1rio.<\/p>\n                                <\/div>\r\n                                                    <\/div>\r\n                                            <div class=\"gpc-mission-col\">\r\n                            <img decoding=\"async\" width=\"560\" height=\"440\" src=\"https:\/\/finoproperties.com\/wp-content\/uploads\/2024\/08\/Corporate-culture.webp\" class=\"attachment-full size-full\" alt=\"\" srcset=\"https:\/\/finoproperties.com\/wp-content\/uploads\/2024\/08\/Corporate-culture.webp 560w, https:\/\/finoproperties.com\/wp-content\/uploads\/2024\/08\/Corporate-culture-300x236.webp 300w\" sizes=\"(max-width: 560px) 100vw, 560px\" \/>                                <h5>Paix\u00e3o<\/h5>\r\n                                                            <div class=\"gpc-col-content\">\r\n                                    <p>Somos inspirados por casas belas, um servi\u00e7o de excel\u00eancia e resultados s\u00f3lidos \u2014 e isso reflete-se no nosso entusiasmo e dedica\u00e7\u00e3o.<\/p>\n                                <\/div>\r\n                                                    <\/div>\r\n                                    <\/div>\r\n            <\/div>\r\n            <\/div>\r\n<\/section>\n\n<section class=\"gpc-content-block  gpc-text-center\" id=\"gpc-content-block-block_a0c07e286ca2ca8350f202b670986b9a\">\r\n    <div class=\"dng-content-section\">\r\n        <div class=\"gpc-content\">\r\n                                        <h1>Uma cultura onde vale a pena estar<\/h1>\r\n                            <p><p>A Fine &amp; Country \u00e9 mais do que uma marca global \u2014 \u00e9 uma comunidade de profissionais com vis\u00e3o de futuro, unidos por uma convic\u00e7\u00e3o comum: o servi\u00e7o de luxo come\u00e7a com integridade e a excel\u00eancia nunca \u00e9 opcional.<\/p>\n<p>Seja como cliente, confiando-nos a sua casa, ou como profissional que procura um ambiente com valores fortes, encontrar\u00e1 aqui uma cultura que apoia o seu sucesso \u2014 e o sustenta ao longo do tempo.<\/p>\n<p><strong>Descubra o que significa fazer parte da fam\u00edlia Fine &amp; Country.<\/strong><\/p>\n<\/p>\r\n                    <\/div>\r\n    <\/div>\r\n<\/section>\n\n<section class=\"gpc-company-slider\" id=\"gpc-company-slider-block_ed91076071545f122c5ed7a2d91f0ebd\">\r\n    <div class=\"dng-content-section\">\r\n        <h2>Pode tamb\u00e9m ter interesse em...<\/h2>\r\n                    <div class=\"company-slider owl-carousel owl-theme\">\r\n                                    <div class=\"company-slider-Item\">\r\n                        <div class=\"company-slider-content\">\r\n                                                            <div class=\"company-slider_img\">\r\n                                    <img decoding=\"async\" width=\"440\" height=\"260\" src=\"https:\/\/finoproperties.com\/wp-content\/uploads\/2024\/08\/Little-things-cropped.webp\" class=\"attachment-full size-full\" alt=\"\" srcset=\"https:\/\/finoproperties.com\/wp-content\/uploads\/2024\/08\/Little-things-cropped.webp 440w, https:\/\/finoproperties.com\/wp-content\/uploads\/2024\/08\/Little-things-cropped-300x177.webp 300w\" sizes=\"(max-width: 440px) 100vw, 440px\" \/>                                <\/div>\r\n                                                        <h4>Porqu\u00ea a Fine &amp; Country<\/h4>\r\n                                                            <p class=\"body1\">Na Fine &amp; Country, oferecemos uma abordagem inovadora...<\/p>\r\n                                                            <a href=\"https:\/\/finoproperties.com\/pt\/sobre-nos\/porque-a-fine-country\/\" target=\"\" class=\"button-text\">SAIBA MAIS<\/a>\r\n                                                    <\/div>\r\n                    <\/div>\r\n                                    <div class=\"company-slider-Item\">\r\n                        <div class=\"company-slider-content\">\r\n                                                            <div class=\"company-slider_img\">\r\n                                    <img decoding=\"async\" width=\"440\" height=\"260\" src=\"https:\/\/finoproperties.com\/wp-content\/uploads\/2024\/08\/DSC_9655.webp\" class=\"attachment-full size-full\" alt=\"\" srcset=\"https:\/\/finoproperties.com\/wp-content\/uploads\/2024\/08\/DSC_9655.webp 440w, https:\/\/finoproperties.com\/wp-content\/uploads\/2024\/08\/DSC_9655-300x177.webp 300w\" sizes=\"(max-width: 440px) 100vw, 440px\" \/>                                <\/div>\r\n                                                        <h4>Os nossos pr\u00e9mios<\/h4>\r\n                                                            <p class=\"body1\">Esfor\u00e7amo-nos por prestar o melhor servi\u00e7o a todos...<\/p>\r\n                                                            <a href=\"https:\/\/finoproperties.com\/pt\/sobre-nos\/premios\/\" target=\"\" class=\"button-text\">SAIBA MAIS<\/a>\r\n                                                    <\/div>\r\n                    <\/div>\r\n                                    <div class=\"company-slider-Item\">\r\n                        <div class=\"company-slider-content\">\r\n                                                            <div class=\"company-slider_img\">\r\n                                    <img decoding=\"async\" width=\"440\" height=\"260\" src=\"https:\/\/finoproperties.com\/wp-content\/uploads\/2024\/08\/Our-culture-2.webp\" class=\"attachment-full size-full\" alt=\"\" srcset=\"https:\/\/finoproperties.com\/wp-content\/uploads\/2024\/08\/Our-culture-2.webp 440w, https:\/\/finoproperties.com\/wp-content\/uploads\/2024\/08\/Our-culture-2-300x177.webp 300w\" sizes=\"(max-width: 440px) 100vw, 440px\" \/>                                <\/div>\r\n                                                        <h4>A nossa cultura<\/h4>\r\n                                                            <p class=\"body1\">Na Fine &amp; Country prestamos o melhor servi\u00e7o a clientes, parceiros e profissionais do setor, fomentando colabora\u00e7\u00e3o, transpar\u00eancia e resultados sustent\u00e1veis.<\/p>\r\n                                                            <a href=\"https:\/\/finoproperties.com\/pt\/sobre-nos\/a-nossa-cultura\/\" target=\"\" class=\"button-text\">SAIBA MAIS<\/a>\r\n                                                    <\/div>\r\n                    <\/div>\r\n                                    <div class=\"company-slider-Item\">\r\n                        <div class=\"company-slider-content\">\r\n                                                            <div class=\"company-slider_img\">\r\n                                    <img decoding=\"async\" width=\"440\" height=\"260\" src=\"https:\/\/finoproperties.com\/wp-content\/uploads\/2024\/08\/no-image-case-studies.webp\" class=\"attachment-full size-full\" alt=\"\" srcset=\"https:\/\/finoproperties.com\/wp-content\/uploads\/2024\/08\/no-image-case-studies.webp 440w, https:\/\/finoproperties.com\/wp-content\/uploads\/2024\/08\/no-image-case-studies-300x177.webp 300w\" sizes=\"(max-width: 440px) 100vw, 440px\" \/>                                <\/div>\r\n                                                        <h4>Media Centre<\/h4>\r\n                                                            <p class=\"body1\">O nosso Media Centre \u00e9 composto por uma equipa de...<\/p>\r\n                                                            <a href=\"https:\/\/finoproperties.com\/pt\/sobre-nos\/media-centre\/\" target=\"\" class=\"button-text\">SAIBA MAIS<\/a>\r\n                                                    <\/div>\r\n                    <\/div>\r\n                                    <div class=\"company-slider-Item\">\r\n                        <div class=\"company-slider-content\">\r\n                                                            <div class=\"company-slider_img\">\r\n                                    <img decoding=\"async\" width=\"440\" height=\"260\" src=\"https:\/\/finoproperties.com\/wp-content\/uploads\/2024\/08\/Outdoor.webp\" class=\"attachment-full size-full\" alt=\"\" srcset=\"https:\/\/finoproperties.com\/wp-content\/uploads\/2024\/08\/Outdoor.webp 440w, https:\/\/finoproperties.com\/wp-content\/uploads\/2024\/08\/Outdoor-300x177.webp 300w\" sizes=\"(max-width: 440px) 100vw, 440px\" \/>                                <\/div>\r\n                                                        <h4>Responsabilidade social<\/h4>\r\n                                                            <p class=\"body1\">\u00c0 medida que a rede Fine &amp; Country investe...<\/p>\r\n                                                            <a href=\"https:\/\/finoproperties.com\/pt\/sobre-nos\/responsabilidade-social\/\" target=\"\" class=\"button-text\">SAIBA MAIS<\/a>\r\n                                                    <\/div>\r\n                    <\/div>\r\n                            <\/div>\r\n            <\/div>\r\n<\/section>","protected":false},"excerpt":{"rendered":"","protected":false},"author":3,"featured_media":0,"parent":598,"menu_order":0,"comment_status":"closed","ping_status":"closed","template":"","meta":{"_acf_changed":false,"footnotes":""},"class_list":["post-662","page","type-page","status-publish"],"acf":[],"yoast_head":"<!-- This site is optimized with the Yoast SEO Premium plugin v23.1 (Yoast SEO v23.1) - https:\/\/yoast.com\/wordpress\/plugins\/seo\/ -->\n<title>The Fine &amp; Country culture - Fine &amp; Country Algarve<\/title>\n<meta name=\"robots\" content=\"index, follow, max-snippet:-1, max-image-preview:large, max-video-preview:-1\" \/>\n<link rel=\"canonical\" href=\"https:\/\/finoproperties.com\/pt\/sobre-nos\/a-nossa-cultura\/\" \/>\n<meta property=\"og:locale\" content=\"pt_PT\" \/>\n<meta property=\"og:type\" content=\"article\" \/>\n<meta property=\"og:title\" content=\"The Fine &amp; Country culture\" \/>\n<meta property=\"og:url\" content=\"https:\/\/finoproperties.com\/pt\/sobre-nos\/a-nossa-cultura\/\" \/>\n<meta property=\"og:site_name\" content=\"Fine &amp; Country Algarve\" \/>\n<meta property=\"article:modified_time\" content=\"2025-12-15T15:35:45+00:00\" \/>\n<meta name=\"twitter:card\" content=\"summary_large_image\" \/>\n<script type=\"application\/ld+json\" class=\"yoast-schema-graph\">{\"@context\":\"https:\/\/schema.org\",\"@graph\":[{\"@type\":\"WebPage\",\"@id\":\"https:\/\/finoproperties.com\/pt\/sobre-nos\/a-nossa-cultura\/\",\"url\":\"https:\/\/finoproperties.com\/pt\/sobre-nos\/a-nossa-cultura\/\",\"name\":\"The Fine &amp; Country culture - Fine &amp; Country Algarve\",\"isPartOf\":{\"@id\":\"https:\/\/finoproperties.com\/pt\/#website\"},\"datePublished\":\"2024-08-08T11:23:44+00:00\",\"dateModified\":\"2025-12-15T15:35:45+00:00\",\"breadcrumb\":{\"@id\":\"https:\/\/finoproperties.com\/pt\/sobre-nos\/a-nossa-cultura\/#breadcrumb\"},\"inLanguage\":\"pt-PT\",\"potentialAction\":[{\"@type\":\"ReadAction\",\"target\":[\"https:\/\/finoproperties.com\/pt\/sobre-nos\/a-nossa-cultura\/\"]}]},{\"@type\":\"BreadcrumbList\",\"@id\":\"https:\/\/finoproperties.com\/pt\/sobre-nos\/a-nossa-cultura\/#breadcrumb\",\"itemListElement\":[{\"@type\":\"ListItem\",\"position\":1,\"name\":\"Home\",\"item\":\"https:\/\/finoproperties.com\/\"},{\"@type\":\"ListItem\",\"position\":2,\"name\":\"About Us\",\"item\":\"https:\/\/finoproperties.com\/about-us\/\"},{\"@type\":\"ListItem\",\"position\":3,\"name\":\"The Fine &amp; Country culture\"}]},{\"@type\":\"WebSite\",\"@id\":\"https:\/\/finoproperties.com\/pt\/#website\",\"url\":\"https:\/\/finoproperties.com\/pt\/\",\"name\":\"Fine &amp; Country Algarve\",\"description\":\"Exceptional homes, beautifully presented\",\"publisher\":{\"@id\":\"https:\/\/finoproperties.com\/pt\/#organization\"},\"potentialAction\":[{\"@type\":\"SearchAction\",\"target\":{\"@type\":\"EntryPoint\",\"urlTemplate\":\"https:\/\/finoproperties.com\/pt\/?s={search_term_string}\"},\"query-input\":\"required name=search_term_string\"}],\"inLanguage\":\"pt-PT\"},{\"@type\":\"Organization\",\"@id\":\"https:\/\/finoproperties.com\/pt\/#organization\",\"name\":\"Fine &amp; Country Algarve\",\"url\":\"https:\/\/finoproperties.com\/pt\/\",\"logo\":{\"@type\":\"ImageObject\",\"inLanguage\":\"pt-PT\",\"@id\":\"https:\/\/finoproperties.com\/pt\/#\/schema\/logo\/image\/\",\"url\":\"https:\/\/finoproperties.com\/wp-content\/uploads\/2026\/02\/FC-Logo-Stacked_Full-Colour.png\",\"contentUrl\":\"https:\/\/finoproperties.com\/wp-content\/uploads\/2026\/02\/FC-Logo-Stacked_Full-Colour.png\",\"width\":3205,\"height\":822,\"caption\":\"Fine &amp; Country Algarve\"},\"image\":{\"@id\":\"https:\/\/finoproperties.com\/pt\/#\/schema\/logo\/image\/\"}}]}<\/script>\n<!-- \/ Yoast SEO Premium plugin. -->","yoast_head_json":{"title":"The Fine &amp; Country culture - Fine &amp; Country Algarve","robots":{"index":"index","follow":"follow","max-snippet":"max-snippet:-1","max-image-preview":"max-image-preview:large","max-video-preview":"max-video-preview:-1"},"canonical":"https:\/\/finoproperties.com\/pt\/sobre-nos\/a-nossa-cultura\/","og_locale":"pt_PT","og_type":"article","og_title":"The Fine &amp; Country culture","og_url":"https:\/\/finoproperties.com\/pt\/sobre-nos\/a-nossa-cultura\/","og_site_name":"Fine &amp; Country Algarve","article_modified_time":"2025-12-15T15:35:45+00:00","twitter_card":"summary_large_image","schema":{"@context":"https:\/\/schema.org","@graph":[{"@type":"WebPage","@id":"https:\/\/finoproperties.com\/pt\/sobre-nos\/a-nossa-cultura\/","url":"https:\/\/finoproperties.com\/pt\/sobre-nos\/a-nossa-cultura\/","name":"The Fine &amp; Country culture - Fine &amp; Country Algarve","isPartOf":{"@id":"https:\/\/finoproperties.com\/pt\/#website"},"datePublished":"2024-08-08T11:23:44+00:00","dateModified":"2025-12-15T15:35:45+00:00","breadcrumb":{"@id":"https:\/\/finoproperties.com\/pt\/sobre-nos\/a-nossa-cultura\/#breadcrumb"},"inLanguage":"pt-PT","potentialAction":[{"@type":"ReadAction","target":["https:\/\/finoproperties.com\/pt\/sobre-nos\/a-nossa-cultura\/"]}]},{"@type":"BreadcrumbList","@id":"https:\/\/finoproperties.com\/pt\/sobre-nos\/a-nossa-cultura\/#breadcrumb","itemListElement":[{"@type":"ListItem","position":1,"name":"Home","item":"https:\/\/finoproperties.com\/"},{"@type":"ListItem","position":2,"name":"About Us","item":"https:\/\/finoproperties.com\/about-us\/"},{"@type":"ListItem","position":3,"name":"The Fine &amp; Country culture"}]},{"@type":"WebSite","@id":"https:\/\/finoproperties.com\/pt\/#website","url":"https:\/\/finoproperties.com\/pt\/","name":"Fine &amp; Country Algarve","description":"Exceptional homes, beautifully presented","publisher":{"@id":"https:\/\/finoproperties.com\/pt\/#organization"},"potentialAction":[{"@type":"SearchAction","target":{"@type":"EntryPoint","urlTemplate":"https:\/\/finoproperties.com\/pt\/?s={search_term_string}"},"query-input":"required name=search_term_string"}],"inLanguage":"pt-PT"},{"@type":"Organization","@id":"https:\/\/finoproperties.com\/pt\/#organization","name":"Fine &amp; Country Algarve","url":"https:\/\/finoproperties.com\/pt\/","logo":{"@type":"ImageObject","inLanguage":"pt-PT","@id":"https:\/\/finoproperties.com\/pt\/#\/schema\/logo\/image\/","url":"https:\/\/finoproperties.com\/wp-content\/uploads\/2026\/02\/FC-Logo-Stacked_Full-Colour.png","contentUrl":"https:\/\/finoproperties.com\/wp-content\/uploads\/2026\/02\/FC-Logo-Stacked_Full-Colour.png","width":3205,"height":822,"caption":"Fine &amp; Country Algarve"},"image":{"@id":"https:\/\/finoproperties.com\/pt\/#\/schema\/logo\/image\/"}}]}},"_links":{"self":[{"href":"https:\/\/finoproperties.com\/pt\/wp-json\/wp\/v2\/pages\/662","targetHints":{"allow":["GET"]}}],"collection":[{"href":"https:\/\/finoproperties.com\/pt\/wp-json\/wp\/v2\/pages"}],"about":[{"href":"https:\/\/finoproperties.com\/pt\/wp-json\/wp\/v2\/types\/page"}],"author":[{"embeddable":true,"href":"https:\/\/finoproperties.com\/pt\/wp-json\/wp\/v2\/users\/3"}],"replies":[{"embeddable":true,"href":"https:\/\/finoproperties.com\/pt\/wp-json\/wp\/v2\/comments?post=662"}],"version-history":[{"count":20,"href":"https:\/\/finoproperties.com\/pt\/wp-json\/wp\/v2\/pages\/662\/revisions"}],"predecessor-version":[{"id":1763,"href":"https:\/\/finoproperties.com\/pt\/wp-json\/wp\/v2\/pages\/662\/revisions\/1763"}],"up":[{"embeddable":true,"href":"https:\/\/finoproperties.com\/pt\/wp-json\/wp\/v2\/pages\/598"}],"wp:attachment":[{"href":"https:\/\/finoproperties.com\/pt\/wp-json\/wp\/v2\/media?parent=662"}],"curies":[{"name":"wp","href":"https:\/\/api.w.org\/{rel}","templated":true}]}}