{"id":662,"date":"2024-08-08T11:23:44","date_gmt":"2024-08-08T11:23:44","guid":{"rendered":"https:\/\/finoproperties.com\/?page_id=662"},"modified":"2025-12-15T15:35:45","modified_gmt":"2025-12-15T15:35:45","slug":"a-propos-de-nou","status":"publish","type":"page","link":"https:\/\/finoproperties.com\/fr\/a-propos-de-nous\/a-propos-de-nou\/","title":{"rendered":"La Culture Fine &amp; Country"},"content":{"rendered":"<section class=\"gpc-content-block  gpc-text-center\" id=\"gpc-content-block-block_1a33dffe826fe401f84b27d8ff5d8e11\">\r\n    <div class=\"dng-content-section\">\r\n        <div class=\"gpc-content\">\r\n                            <span class=\"overline\">\u00c0 PROPOS<\/span>\r\n                                            <h1>Fine &amp; Country culture<\/h1>\r\n                            <p><p><strong>Ancr\u00e9e dans nos valeurs. Guid\u00e9e par un but. Unifi\u00e9e par l\u2019excellence.<\/strong><\/p>\n<p>Chez Fine &amp; Country, notre culture n\u2019est pas qu\u2019un discours \u2014 elle s\u2019incarne au quotidien. \u00c0 travers notre r\u00e9seau international, nous appliquons les plus hauts standards dans tout ce que nous faisons : dans notre service aux clients comme dans le soutien que nous apportons \u00e0 nos collaborateurs. Que vous achetiez, vendiez ou repr\u00e9sentiez la marque, vous ressentirez cette diff\u00e9rence dans notre fa\u00e7on de travailler \u2014 avec rigueur, int\u00e9grit\u00e9 et attention aux d\u00e9tails.<\/p>\n<p>Notre mission est d\u2019\u00e9lever l\u2019exp\u00e9rience immobili\u00e8re dans le segment premium. Elle guide nos d\u00e9cisions, fa\u00e7onne nos relations et d\u00e9finit la qualit\u00e9 exceptionnelle de notre service dans chaque march\u00e9.<\/p>\n<\/p>\r\n                    <\/div>\r\n    <\/div>\r\n<\/section>\n\n<section class=\"gpc-image-block  gpc-mblFixedImag\" id=\"gpc-image-block-block_622e1c6839d2c59a5dbe1db9c4569f74\" style=\"background-image:url(https:\/\/finoproperties.com\/wp-content\/uploads\/2024\/08\/Our-culture-2-1.webp)\">\r\n<\/section>\n\n<section class=\"gpc-notification\" id=\"gpc-notification-block_4a905f84dcb611bbdd4673be581681ac\">\r\n    <div class=\"dng-content-section\">\r\n        <p class=\"subtitle2\">D\u00e9couvrez-en plus sur la fa\u00e7on de rejoindre la famille Fine &amp; Country<\/p>\r\n    <\/div>\r\n<\/section>\n\n<section class=\"gpc-mission-block\" id=\"gpc-mission-block-block_af54e5d87fa6ee931847f069ddf60cd3\">\r\n    <div class=\"dng-content-section\">\r\n                    <h2 class=\"title1\">Notre Vision<\/h2>\r\n                    <p class=\"subtitle1\">Devenir la marque immobili\u00e8re haut de gamme de r\u00e9f\u00e9rence \u2014 pour des clients exigeants et des professionnels engag\u00e9s, \u00e0 travers le monde.<\/p>\r\n            <\/div>\r\n<\/section>\n\n<section class=\"gpc-mission-block\" id=\"gpc-mission-block-block_34b36af9f60c133e9143aeba07246298\">\r\n    <div class=\"dng-content-section\">\r\n                    <h2 class=\"title1\">Nos valeurs fondamentales<\/h2>\r\n                    <p class=\"subtitle1\">Ces six valeurs durables d\u00e9finissent la culture Fine &amp; Country. Elles unissent notre r\u00e9seau et servent de boussole dans notre comportement, nos \u00e9changes et nos d\u00e9cisions.<\/p>\r\n                    <div class=\"gpc-mission-wrap\">\r\n                <div class=\"row\">\r\n                                            <div class=\"gpc-mission-col\">\r\n                            <img decoding=\"async\" width=\"100\" height=\"100\" src=\"https:\/\/finoproperties.com\/wp-content\/uploads\/2024\/07\/09bcd3bcc0b871d65ba3aff71ad8de38.png\" class=\"attachment-full size-full\" alt=\"\" \/>                                <h5>Honn\u00eatet\u00e9<\/h5>\r\n                                                            <div class=\"gpc-col-content\">\r\n                                    <p><span style=\"font-weight: 400;\">Nous communiquons avec clart\u00e9, agissons avec transparence et pla\u00e7ons la confiance au c\u0153ur de toutes nos relations.<\/span><\/p>\n                                <\/div>\r\n                                                    <\/div>\r\n                                            <div class=\"gpc-mission-col\">\r\n                            <img decoding=\"async\" width=\"100\" height=\"100\" src=\"https:\/\/finoproperties.com\/wp-content\/uploads\/2024\/07\/5d259c8ca81555d701945c73e07fc8bb.png\" class=\"attachment-full size-full\" alt=\"\" \/>                                <h5>Esprit de soutien et de collaboration<\/h5>\r\n                                                            <div class=\"gpc-col-content\">\r\n                                    <p>Nous partageons librement nos id\u00e9es et notre savoir-faire, en pla\u00e7ant toujours l\u2019int\u00e9r\u00eat du client au premier plan.<\/p>\n                                <\/div>\r\n                                                    <\/div>\r\n                                            <div class=\"gpc-mission-col\">\r\n                            <img decoding=\"async\" width=\"100\" height=\"100\" src=\"https:\/\/finoproperties.com\/wp-content\/uploads\/2024\/07\/5add6f9e2c7f9b788b18f519d49ab8f9.png\" class=\"attachment-full size-full\" alt=\"\" \/>                                <h5>Engagement envers la communaut\u00e9<\/h5>\r\n                                                            <div class=\"gpc-col-content\">\r\n                                    <p>Gr\u00e2ce \u00e0 la Fine &amp; Country Foundation et \u00e0 nos partenariats locaux, nous soutenons des initiatives caritatives et \u0153uvrons \u00e0 la lutte contre le sans-abrisme \u00e0 l\u2019\u00e9chelle mondiale.<\/p>\n                                <\/div>\r\n                                                    <\/div>\r\n                                            <div class=\"gpc-mission-col\">\r\n                            <img decoding=\"async\" width=\"140\" height=\"140\" src=\"https:\/\/finoproperties.com\/wp-content\/uploads\/2024\/07\/Ellipse-3-4.png\" class=\"attachment-full size-full\" alt=\"\" \/>                                <h5>Centr\u00e9s sur les personnes<\/h5>\r\n                                                            <div class=\"gpc-col-content\">\r\n                                    <p>Nos relations priment sur les transactions. Nous \u00e9coutons, comprenons et nous adaptons avec empathie et respect.<\/p>\n                                <\/div>\r\n                                                    <\/div>\r\n                                            <div class=\"gpc-mission-col\">\r\n                            <img decoding=\"async\" width=\"140\" height=\"140\" src=\"https:\/\/finoproperties.com\/wp-content\/uploads\/2024\/07\/Ellipse-3-5.png\" class=\"attachment-full size-full\" alt=\"\" \/>                                <h5>Innovation<\/h5>\r\n                                                            <div class=\"gpc-col-content\">\r\n                                    <p>Nous adoptons les nouvelles technologies et les id\u00e9es audacieuses pour enrichir l\u2019exp\u00e9rience immobili\u00e8re \u00e0 tous les niveaux.<\/p>\n                                <\/div>\r\n                                                    <\/div>\r\n                                            <div class=\"gpc-mission-col\">\r\n                            <img decoding=\"async\" width=\"560\" height=\"440\" src=\"https:\/\/finoproperties.com\/wp-content\/uploads\/2024\/08\/Corporate-culture.webp\" class=\"attachment-full size-full\" alt=\"\" srcset=\"https:\/\/finoproperties.com\/wp-content\/uploads\/2024\/08\/Corporate-culture.webp 560w, https:\/\/finoproperties.com\/wp-content\/uploads\/2024\/08\/Corporate-culture-300x236.webp 300w\" sizes=\"(max-width: 560px) 100vw, 560px\" \/>                                <h5>Passion<\/h5>\r\n                                                            <div class=\"gpc-col-content\">\r\n                                    <p>Nous sommes anim\u00e9s par la beaut\u00e9 des biens, la qualit\u00e9 du service et l\u2019excellence des r\u00e9sultats \u2014 et cela se refl\u00e8te dans notre \u00e9nergie et notre engagement.<\/p>\n                                <\/div>\r\n                                                    <\/div>\r\n                                    <\/div>\r\n            <\/div>\r\n            <\/div>\r\n<\/section>\n\n<section class=\"gpc-content-block  gpc-text-center\" id=\"gpc-content-block-block_a0c07e286ca2ca8350f202b670986b9a\">\r\n    <div class=\"dng-content-section\">\r\n        <div class=\"gpc-content\">\r\n                                        <h1>Une culture \u00e0 laquelle on veut appartenir<\/h1>\r\n                            <p><p>Fine &amp; Country est bien plus qu\u2019une marque mondiale : c\u2019est une communaut\u00e9 de professionnels tourn\u00e9s vers l\u2019avenir, unis par une conviction commune \u2014 que le service de luxe commence par l\u2019int\u00e9grit\u00e9, et que l\u2019excellence ne doit jamais \u00eatre optionnelle.<\/p>\n<p>Que vous soyez un client confiant votre bien, ou un professionnel souhaitant rejoindre un r\u00e9seau ax\u00e9 sur les valeurs, vous trouverez ici une culture qui soutient votre succ\u00e8s \u2014 et le fait durer.<\/p>\n<p><strong>D\u00e9couvrez ce que signifie faire partie de la famille Fine &amp; Country.<\/strong><\/p>\n<\/p>\r\n                    <\/div>\r\n    <\/div>\r\n<\/section>\n\n<section class=\"gpc-company-slider\" id=\"gpc-company-slider-block_ed91076071545f122c5ed7a2d91f0ebd\">\r\n    <div class=\"dng-content-section\">\r\n        <h2>Vous pourriez \u00e9galement \u00eatre int\u00e9ress\u00e9 par\u2026<\/h2>\r\n                    <div class=\"company-slider owl-carousel owl-theme\">\r\n                                    <div class=\"company-slider-Item\">\r\n                        <div class=\"company-slider-content\">\r\n                                                            <div class=\"company-slider_img\">\r\n                                    <img decoding=\"async\" width=\"440\" height=\"260\" src=\"https:\/\/finoproperties.com\/wp-content\/uploads\/2024\/08\/Little-things-cropped.webp\" class=\"attachment-full size-full\" alt=\"\" srcset=\"https:\/\/finoproperties.com\/wp-content\/uploads\/2024\/08\/Little-things-cropped.webp 440w, https:\/\/finoproperties.com\/wp-content\/uploads\/2024\/08\/Little-things-cropped-300x177.webp 300w\" sizes=\"(max-width: 440px) 100vw, 440px\" \/>                                <\/div>\r\n                                                        <h4>Pourquoi Fine &amp; Country<\/h4>\r\n                                                            <p class=\"body1\">Chez Fine &amp; Country, nous offrons une approche rafra\u00eechissante...<\/p>\r\n                                                            <a href=\"https:\/\/finoproperties.com\/fr\/a-propos-de-nous\/pourquoi-fine-country\/\" target=\"\" class=\"button-text\">EN SAVOIR PLUS<\/a>\r\n                                                    <\/div>\r\n                    <\/div>\r\n                                    <div class=\"company-slider-Item\">\r\n                        <div class=\"company-slider-content\">\r\n                                                            <div class=\"company-slider_img\">\r\n                                    <img decoding=\"async\" width=\"440\" height=\"260\" src=\"https:\/\/finoproperties.com\/wp-content\/uploads\/2024\/08\/DSC_9655.webp\" class=\"attachment-full size-full\" alt=\"\" srcset=\"https:\/\/finoproperties.com\/wp-content\/uploads\/2024\/08\/DSC_9655.webp 440w, https:\/\/finoproperties.com\/wp-content\/uploads\/2024\/08\/DSC_9655-300x177.webp 300w\" sizes=\"(max-width: 440px) 100vw, 440px\" \/>                                <\/div>\r\n                                                        <h4>Nos r\u00e9compenses<\/h4>\r\n                                                            <p class=\"body1\">Nous nous effor\u00e7ons d'offrir le meilleur service \u00e0 tous...<\/p>\r\n                                                            <a href=\"https:\/\/finoproperties.com\/fr\/a-propos-de-nous\/prix\/\" target=\"\" class=\"button-text\">EN SAVOIR PLUS<\/a>\r\n                                                    <\/div>\r\n                    <\/div>\r\n                                    <div class=\"company-slider-Item\">\r\n                        <div class=\"company-slider-content\">\r\n                                                            <div class=\"company-slider_img\">\r\n                                    <img decoding=\"async\" width=\"440\" height=\"260\" src=\"https:\/\/finoproperties.com\/wp-content\/uploads\/2024\/08\/Our-culture-2.webp\" class=\"attachment-full size-full\" alt=\"\" srcset=\"https:\/\/finoproperties.com\/wp-content\/uploads\/2024\/08\/Our-culture-2.webp 440w, https:\/\/finoproperties.com\/wp-content\/uploads\/2024\/08\/Our-culture-2-300x177.webp 300w\" sizes=\"(max-width: 440px) 100vw, 440px\" \/>                                <\/div>\r\n                                                        <h4>Notre culture<\/h4>\r\n                                                            <p class=\"body1\">Nous offrons le meilleur service \u00e0 nos clients, partenaires et professionnels de l\u2019immobilier, en favorisant la collaboration, la transparence et des r\u00e9sultats durables.<\/p>\r\n                                                            <a href=\"https:\/\/finoproperties.com\/fr\/a-propos-de-nous\/a-propos-de-nou\/\" target=\"\" class=\"button-text\">EN SAVOIR PLUS<\/a>\r\n                                                    <\/div>\r\n                    <\/div>\r\n                                    <div class=\"company-slider-Item\">\r\n                        <div class=\"company-slider-content\">\r\n                                                            <div class=\"company-slider_img\">\r\n                                    <img decoding=\"async\" width=\"440\" height=\"260\" src=\"https:\/\/finoproperties.com\/wp-content\/uploads\/2024\/08\/no-image-case-studies.webp\" class=\"attachment-full size-full\" alt=\"\" srcset=\"https:\/\/finoproperties.com\/wp-content\/uploads\/2024\/08\/no-image-case-studies.webp 440w, https:\/\/finoproperties.com\/wp-content\/uploads\/2024\/08\/no-image-case-studies-300x177.webp 300w\" sizes=\"(max-width: 440px) 100vw, 440px\" \/>                                <\/div>\r\n                                                        <h4>Media Centre<\/h4>\r\n                                                            <p class=\"body1\">Notre Centre de M\u00e9dias est compos\u00e9 d'une \u00e9quipe de...<\/p>\r\n                                                            <a href=\"https:\/\/finoproperties.com\/fr\/a-propos-de-nous\/media-centre\/\" target=\"\" class=\"button-text\">EN SAVOIR PLUS<\/a>\r\n                                                    <\/div>\r\n                    <\/div>\r\n                                    <div class=\"company-slider-Item\">\r\n                        <div class=\"company-slider-content\">\r\n                                                            <div class=\"company-slider_img\">\r\n                                    <img decoding=\"async\" width=\"440\" height=\"260\" src=\"https:\/\/finoproperties.com\/wp-content\/uploads\/2024\/08\/Outdoor.webp\" class=\"attachment-full size-full\" alt=\"\" srcset=\"https:\/\/finoproperties.com\/wp-content\/uploads\/2024\/08\/Outdoor.webp 440w, https:\/\/finoproperties.com\/wp-content\/uploads\/2024\/08\/Outdoor-300x177.webp 300w\" sizes=\"(max-width: 440px) 100vw, 440px\" \/>                                <\/div>\r\n                                                        <h4>Responsabilit\u00e9 soci\u00e9tale<\/h4>\r\n                                                            <p class=\"body1\">Alors que le r\u00e9seau Fine &amp; Country s'efforce...<\/p>\r\n                                                            <a href=\"https:\/\/finoproperties.com\/fr\/a-propos-de-nous\/responsabilite-sociale\/\" target=\"\" class=\"button-text\">EN SAVOIR PLUS<\/a>\r\n                                                    <\/div>\r\n                    <\/div>\r\n                            <\/div>\r\n            <\/div>\r\n<\/section>","protected":false},"excerpt":{"rendered":"","protected":false},"author":3,"featured_media":0,"parent":598,"menu_order":0,"comment_status":"closed","ping_status":"closed","template":"","meta":{"_acf_changed":false,"footnotes":""},"class_list":["post-662","page","type-page","status-publish"],"acf":[],"yoast_head":"<!-- This site is optimized with the Yoast SEO Premium plugin v23.1 (Yoast SEO v23.1) - https:\/\/yoast.com\/wordpress\/plugins\/seo\/ -->\n<title>The Fine &amp; Country culture - Fine &amp; Country Algarve<\/title>\n<meta name=\"robots\" content=\"index, follow, max-snippet:-1, max-image-preview:large, max-video-preview:-1\" \/>\n<link rel=\"canonical\" href=\"https:\/\/finoproperties.com\/fr\/a-propos-de-nous\/a-propos-de-nou\/\" \/>\n<meta property=\"og:locale\" content=\"fr_FR\" \/>\n<meta property=\"og:type\" content=\"article\" \/>\n<meta property=\"og:title\" content=\"The Fine &amp; Country culture\" \/>\n<meta property=\"og:url\" content=\"https:\/\/finoproperties.com\/fr\/a-propos-de-nous\/a-propos-de-nou\/\" \/>\n<meta property=\"og:site_name\" content=\"Fine &amp; Country Algarve\" \/>\n<meta property=\"article:modified_time\" content=\"2025-12-15T15:35:45+00:00\" \/>\n<meta name=\"twitter:card\" content=\"summary_large_image\" \/>\n<script type=\"application\/ld+json\" class=\"yoast-schema-graph\">{\"@context\":\"https:\/\/schema.org\",\"@graph\":[{\"@type\":\"WebPage\",\"@id\":\"https:\/\/finoproperties.com\/fr\/a-propos-de-nous\/a-propos-de-nou\/\",\"url\":\"https:\/\/finoproperties.com\/fr\/a-propos-de-nous\/a-propos-de-nou\/\",\"name\":\"The Fine &amp; Country culture - Fine &amp; Country Algarve\",\"isPartOf\":{\"@id\":\"https:\/\/finoproperties.com\/fr\/#website\"},\"datePublished\":\"2024-08-08T11:23:44+00:00\",\"dateModified\":\"2025-12-15T15:35:45+00:00\",\"breadcrumb\":{\"@id\":\"https:\/\/finoproperties.com\/fr\/a-propos-de-nous\/a-propos-de-nou\/#breadcrumb\"},\"inLanguage\":\"fr-FR\",\"potentialAction\":[{\"@type\":\"ReadAction\",\"target\":[\"https:\/\/finoproperties.com\/fr\/a-propos-de-nous\/a-propos-de-nou\/\"]}]},{\"@type\":\"BreadcrumbList\",\"@id\":\"https:\/\/finoproperties.com\/fr\/a-propos-de-nous\/a-propos-de-nou\/#breadcrumb\",\"itemListElement\":[{\"@type\":\"ListItem\",\"position\":1,\"name\":\"Home\",\"item\":\"https:\/\/finoproperties.com\/\"},{\"@type\":\"ListItem\",\"position\":2,\"name\":\"About Us\",\"item\":\"https:\/\/finoproperties.com\/about-us\/\"},{\"@type\":\"ListItem\",\"position\":3,\"name\":\"The Fine &amp; Country culture\"}]},{\"@type\":\"WebSite\",\"@id\":\"https:\/\/finoproperties.com\/fr\/#website\",\"url\":\"https:\/\/finoproperties.com\/fr\/\",\"name\":\"Fine &amp; Country Algarve\",\"description\":\"Exceptional homes, beautifully presented\",\"publisher\":{\"@id\":\"https:\/\/finoproperties.com\/fr\/#organization\"},\"potentialAction\":[{\"@type\":\"SearchAction\",\"target\":{\"@type\":\"EntryPoint\",\"urlTemplate\":\"https:\/\/finoproperties.com\/fr\/?s={search_term_string}\"},\"query-input\":\"required name=search_term_string\"}],\"inLanguage\":\"fr-FR\"},{\"@type\":\"Organization\",\"@id\":\"https:\/\/finoproperties.com\/fr\/#organization\",\"name\":\"Fine &amp; Country Algarve\",\"url\":\"https:\/\/finoproperties.com\/fr\/\",\"logo\":{\"@type\":\"ImageObject\",\"inLanguage\":\"fr-FR\",\"@id\":\"https:\/\/finoproperties.com\/fr\/#\/schema\/logo\/image\/\",\"url\":\"https:\/\/finoproperties.com\/wp-content\/uploads\/2026\/02\/FC-Logo-Stacked_Full-Colour.png\",\"contentUrl\":\"https:\/\/finoproperties.com\/wp-content\/uploads\/2026\/02\/FC-Logo-Stacked_Full-Colour.png\",\"width\":3205,\"height\":822,\"caption\":\"Fine &amp; Country Algarve\"},\"image\":{\"@id\":\"https:\/\/finoproperties.com\/fr\/#\/schema\/logo\/image\/\"}}]}<\/script>\n<!-- \/ Yoast SEO Premium plugin. -->","yoast_head_json":{"title":"The Fine &amp; Country culture - Fine &amp; Country Algarve","robots":{"index":"index","follow":"follow","max-snippet":"max-snippet:-1","max-image-preview":"max-image-preview:large","max-video-preview":"max-video-preview:-1"},"canonical":"https:\/\/finoproperties.com\/fr\/a-propos-de-nous\/a-propos-de-nou\/","og_locale":"fr_FR","og_type":"article","og_title":"The Fine &amp; Country culture","og_url":"https:\/\/finoproperties.com\/fr\/a-propos-de-nous\/a-propos-de-nou\/","og_site_name":"Fine &amp; Country Algarve","article_modified_time":"2025-12-15T15:35:45+00:00","twitter_card":"summary_large_image","schema":{"@context":"https:\/\/schema.org","@graph":[{"@type":"WebPage","@id":"https:\/\/finoproperties.com\/fr\/a-propos-de-nous\/a-propos-de-nou\/","url":"https:\/\/finoproperties.com\/fr\/a-propos-de-nous\/a-propos-de-nou\/","name":"The Fine &amp; Country culture - Fine &amp; Country Algarve","isPartOf":{"@id":"https:\/\/finoproperties.com\/fr\/#website"},"datePublished":"2024-08-08T11:23:44+00:00","dateModified":"2025-12-15T15:35:45+00:00","breadcrumb":{"@id":"https:\/\/finoproperties.com\/fr\/a-propos-de-nous\/a-propos-de-nou\/#breadcrumb"},"inLanguage":"fr-FR","potentialAction":[{"@type":"ReadAction","target":["https:\/\/finoproperties.com\/fr\/a-propos-de-nous\/a-propos-de-nou\/"]}]},{"@type":"BreadcrumbList","@id":"https:\/\/finoproperties.com\/fr\/a-propos-de-nous\/a-propos-de-nou\/#breadcrumb","itemListElement":[{"@type":"ListItem","position":1,"name":"Home","item":"https:\/\/finoproperties.com\/"},{"@type":"ListItem","position":2,"name":"About Us","item":"https:\/\/finoproperties.com\/about-us\/"},{"@type":"ListItem","position":3,"name":"The Fine &amp; Country culture"}]},{"@type":"WebSite","@id":"https:\/\/finoproperties.com\/fr\/#website","url":"https:\/\/finoproperties.com\/fr\/","name":"Fine &amp; Country Algarve","description":"Exceptional homes, beautifully presented","publisher":{"@id":"https:\/\/finoproperties.com\/fr\/#organization"},"potentialAction":[{"@type":"SearchAction","target":{"@type":"EntryPoint","urlTemplate":"https:\/\/finoproperties.com\/fr\/?s={search_term_string}"},"query-input":"required name=search_term_string"}],"inLanguage":"fr-FR"},{"@type":"Organization","@id":"https:\/\/finoproperties.com\/fr\/#organization","name":"Fine &amp; Country Algarve","url":"https:\/\/finoproperties.com\/fr\/","logo":{"@type":"ImageObject","inLanguage":"fr-FR","@id":"https:\/\/finoproperties.com\/fr\/#\/schema\/logo\/image\/","url":"https:\/\/finoproperties.com\/wp-content\/uploads\/2026\/02\/FC-Logo-Stacked_Full-Colour.png","contentUrl":"https:\/\/finoproperties.com\/wp-content\/uploads\/2026\/02\/FC-Logo-Stacked_Full-Colour.png","width":3205,"height":822,"caption":"Fine &amp; Country Algarve"},"image":{"@id":"https:\/\/finoproperties.com\/fr\/#\/schema\/logo\/image\/"}}]}},"_links":{"self":[{"href":"https:\/\/finoproperties.com\/fr\/wp-json\/wp\/v2\/pages\/662","targetHints":{"allow":["GET"]}}],"collection":[{"href":"https:\/\/finoproperties.com\/fr\/wp-json\/wp\/v2\/pages"}],"about":[{"href":"https:\/\/finoproperties.com\/fr\/wp-json\/wp\/v2\/types\/page"}],"author":[{"embeddable":true,"href":"https:\/\/finoproperties.com\/fr\/wp-json\/wp\/v2\/users\/3"}],"replies":[{"embeddable":true,"href":"https:\/\/finoproperties.com\/fr\/wp-json\/wp\/v2\/comments?post=662"}],"version-history":[{"count":20,"href":"https:\/\/finoproperties.com\/fr\/wp-json\/wp\/v2\/pages\/662\/revisions"}],"predecessor-version":[{"id":1763,"href":"https:\/\/finoproperties.com\/fr\/wp-json\/wp\/v2\/pages\/662\/revisions\/1763"}],"up":[{"embeddable":true,"href":"https:\/\/finoproperties.com\/fr\/wp-json\/wp\/v2\/pages\/598"}],"wp:attachment":[{"href":"https:\/\/finoproperties.com\/fr\/wp-json\/wp\/v2\/media?parent=662"}],"curies":[{"name":"wp","href":"https:\/\/api.w.org\/{rel}","templated":true}]}}