{"id":638,"date":"2024-08-08T11:17:49","date_gmt":"2024-08-08T11:17:49","guid":{"rendered":"https:\/\/finoproperties.com\/?page_id=638"},"modified":"2025-12-15T16:38:22","modified_gmt":"2025-12-15T16:38:22","slug":"prix","status":"publish","type":"page","link":"https:\/\/finoproperties.com\/fr\/a-propos-de-nous\/prix\/","title":{"rendered":"Prix"},"content":{"rendered":"<section class=\"gpc-content-block  gpc-about-content\" id=\"gpc-content-block-block_bbbe7e96251f019eac6c5c3ff3f39cae\">\r\n    <div class=\"dng-content-section\">\r\n        <div class=\"gpc-content\">\r\n                            <span class=\"overline\">Nos R\u00e9compenses<\/span>\r\n                                            <h1>Reconnaissance de l\u2019excellence, guid\u00e9s par la passion<\/h1>\r\n                            <p><p>Chez Fine &amp; Country Algarve, notre engagement a toujours \u00e9t\u00e9 d\u2019offrir un service d\u2019exception \u2014 non pas pour obtenir des distinctions, mais parce que nous avons \u00e0 c\u0153ur d\u2019offrir \u00e0 chacun de nos clients la meilleure exp\u00e9rience possible. Cela dit, il est profond\u00e9ment gratifiant de voir notre travail reconnu par nos pairs et par notre r\u00e9seau international.<\/p>\n<p>Au fil des ann\u00e9es, nous avons eu l\u2019honneur de recevoir plusieurs r\u00e9compenses d\u00e9cern\u00e9es par Fine &amp; Country International. Il ne s\u2019agit pas de distinctions commerciales ou payantes, mais bien de v\u00e9ritables prix fond\u00e9s sur le m\u00e9rite, attribu\u00e9s parmi plus de 300 bureaux Fine &amp; Country \u00e0 travers le monde. Chaque prix t\u00e9moigne de la passion, de la cr\u00e9ativit\u00e9 et de la constance de notre \u00e9quipe dans la prestation de services immobiliers haut de gamme au c\u0153ur de l\u2019Algarve.<\/p>\n<\/p>\r\n                    <\/div>\r\n    <\/div>\r\n<\/section>\n\n<section class=\"gpc-awrds  gpc-about-content\" id=\"gpc-awards-block_2e294aee9407cac7f646c18880f82a6b\">\r\n    <div class=\"dng-content-section\">\r\n                    <div class=\"d-flex\">\r\n                                    <div class=\"gpc-awrds-flex-Item\">\r\n                        <div class=\"awrds-item-content\">\r\n                                                            <div class=\"awrds-item_img\">\r\n                                    <img decoding=\"async\" width=\"320\" height=\"220\" src=\"https:\/\/finoproperties.com\/wp-content\/uploads\/2024\/08\/MicrosoftTeams-image.webp\" class=\"attachment-full size-full\" alt=\"\" srcset=\"https:\/\/finoproperties.com\/wp-content\/uploads\/2024\/08\/MicrosoftTeams-image.webp 320w, https:\/\/finoproperties.com\/wp-content\/uploads\/2024\/08\/MicrosoftTeams-image-300x206.webp 300w\" sizes=\"(max-width: 320px) 100vw, 320px\" \/>                                <\/div>\r\n                                                            <span class=\"overline\">2014<\/span>\r\n                                                        <h4>Meilleure strat\u00e9gie marketing<\/h4>\r\n                                                            <p class=\"body1\">R\u00e9compens\u00e9s pour notre cr\u00e9ativit\u00e9 et l\u2019efficacit\u00e9 de notre approche dans la pr\u00e9sentation et la promotion de biens immobiliers.\r\n<\/p>\r\n                                                    <\/div>\r\n                    <\/div>\r\n                                    <div class=\"gpc-awrds-flex-Item\">\r\n                        <div class=\"awrds-item-content\">\r\n                                                            <div class=\"awrds-item_img\">\r\n                                    <img decoding=\"async\" width=\"320\" height=\"220\" src=\"https:\/\/finoproperties.com\/wp-content\/uploads\/2024\/08\/FiveStar-Noms-MAP_6296_original.webp\" class=\"attachment-full size-full\" alt=\"\" srcset=\"https:\/\/finoproperties.com\/wp-content\/uploads\/2024\/08\/FiveStar-Noms-MAP_6296_original.webp 320w, https:\/\/finoproperties.com\/wp-content\/uploads\/2024\/08\/FiveStar-Noms-MAP_6296_original-300x206.webp 300w\" sizes=\"(max-width: 320px) 100vw, 320px\" \/>                                <\/div>\r\n                                                            <span class=\"overline\">2022<\/span>\r\n                                                        <h4>Meilleure strat\u00e9gie marketing<\/h4>\r\n                                                            <p class=\"body1\">\u00c0 nouveau distingu\u00e9s pour avoir \u00e9tabli une r\u00e9f\u00e9rence dans le marketing immobilier haut de gamme au sein du r\u00e9seau Fine &amp; Country.\r\n<\/p>\r\n                                                    <\/div>\r\n                    <\/div>\r\n                                    <div class=\"gpc-awrds-flex-Item\">\r\n                        <div class=\"awrds-item-content\">\r\n                                                            <div class=\"awrds-item_img\">\r\n                                    <img decoding=\"async\" width=\"320\" height=\"220\" src=\"https:\/\/finoproperties.com\/wp-content\/uploads\/2024\/08\/DSC_9655-1.webp\" class=\"attachment-full size-full\" alt=\"\" srcset=\"https:\/\/finoproperties.com\/wp-content\/uploads\/2024\/08\/DSC_9655-1.webp 320w, https:\/\/finoproperties.com\/wp-content\/uploads\/2024\/08\/DSC_9655-1-300x206.webp 300w\" sizes=\"(max-width: 320px) 100vw, 320px\" \/>                                <\/div>\r\n                                                            <span class=\"overline\">2023<\/span>\r\n                                                        <h4>Meilleure strat\u00e9gie sur les r\u00e9seaux sociaux<\/h4>\r\n                                                            <p class=\"body1\">R\u00e9compens\u00e9s pour notre usage innovant des r\u00e9seaux sociaux afin de toucher un public mondial et valoriser les biens d\u2019exception.\r\n<\/p>\r\n                                                    <\/div>\r\n                    <\/div>\r\n                                    <div class=\"gpc-awrds-flex-Item\">\r\n                        <div class=\"awrds-item-content\">\r\n                                                            <div class=\"awrds-item_img\">\r\n                                    <img decoding=\"async\" width=\"320\" height=\"220\" src=\"https:\/\/finoproperties.com\/wp-content\/uploads\/2024\/08\/BEST-INTERNATIONAL-REAL-ESTATE-MARKETING-2018-2019.webp\" class=\"attachment-full size-full\" alt=\"\" srcset=\"https:\/\/finoproperties.com\/wp-content\/uploads\/2024\/08\/BEST-INTERNATIONAL-REAL-ESTATE-MARKETING-2018-2019.webp 320w, https:\/\/finoproperties.com\/wp-content\/uploads\/2024\/08\/BEST-INTERNATIONAL-REAL-ESTATE-MARKETING-2018-2019-300x206.webp 300w\" sizes=\"(max-width: 320px) 100vw, 320px\" \/>                                <\/div>\r\n                                                            <span class=\"overline\">2024<\/span>\r\n                                                        <h4>Meilleure strat\u00e9gie marketing<\/h4>\r\n                                                            <p class=\"body1\">Pour la troisi\u00e8me fois, cette distinction vient souligner notre position de leader dans le marketing immobilier de luxe orient\u00e9 sur le style de vie.\r\n<\/p>\r\n                                                    <\/div>\r\n                    <\/div>\r\n                                    <div class=\"gpc-awrds-flex-Item\">\r\n                        <div class=\"awrds-item-content\">\r\n                                                            <div class=\"awrds-item_img\">\r\n                                    <img decoding=\"async\" width=\"320\" height=\"220\" src=\"https:\/\/finoproperties.com\/wp-content\/uploads\/2024\/08\/BEST-REAL-ESTATE-AGENCY-EUROPE-2018-2019.webp\" class=\"attachment-full size-full\" alt=\"\" srcset=\"https:\/\/finoproperties.com\/wp-content\/uploads\/2024\/08\/BEST-REAL-ESTATE-AGENCY-EUROPE-2018-2019.webp 320w, https:\/\/finoproperties.com\/wp-content\/uploads\/2024\/08\/BEST-REAL-ESTATE-AGENCY-EUROPE-2018-2019-300x206.webp 300w\" sizes=\"(max-width: 320px) 100vw, 320px\" \/>                                <\/div>\r\n                                                            <span class=\"overline\">2024<\/span>\r\n                                                        <h4>Meilleur op\u00e9rateur europ\u00e9en<\/h4>\r\n                                                            <p class=\"body1\">D\u00e9sign\u00e9s meilleure agence Fine &amp; Country en Europe, selon des crit\u00e8res de qualit\u00e9 de service, de performance et de notori\u00e9t\u00e9.\r\n<\/p>\r\n                                                    <\/div>\r\n                    <\/div>\r\n                                    <div class=\"gpc-awrds-flex-Item\">\r\n                        <div class=\"awrds-item-content\">\r\n                                                            <div class=\"awrds-item_img\">\r\n                                    <img decoding=\"async\" width=\"320\" height=\"220\" src=\"https:\/\/finoproperties.com\/wp-content\/uploads\/2024\/08\/FiveStar-Noms-MAP_6296_original.webp\" class=\"attachment-full size-full\" alt=\"\" srcset=\"https:\/\/finoproperties.com\/wp-content\/uploads\/2024\/08\/FiveStar-Noms-MAP_6296_original.webp 320w, https:\/\/finoproperties.com\/wp-content\/uploads\/2024\/08\/FiveStar-Noms-MAP_6296_original-300x206.webp 300w\" sizes=\"(max-width: 320px) 100vw, 320px\" \/>                                <\/div>\r\n                                                            <span class=\"overline\">2024<\/span>\r\n                                                        <h4>Meilleur op\u00e9rateur international<\/h4>\r\n                                                            <p class=\"body1\">Une distinction prestigieuse et rare, d\u00e9cern\u00e9e au meilleur bureau Fine &amp; Country dans le monde \u2014 en reconnaissance de notre impact global et de notre exigence constante.\r\n<\/p>\r\n                                                    <\/div>\r\n                    <\/div>\r\n                            <\/div>\r\n            <\/div>\r\n<\/section>\n\n<section class=\"gpc-image-block\" id=\"gpc-image-block-block_ea9907fca359d810b3658f306ecf9c8b\" style=\"background-image:url(https:\/\/finoproperties.com\/wp-content\/uploads\/2024\/07\/iMAGE-1.png)\">\r\n<\/section>","protected":false},"excerpt":{"rendered":"","protected":false},"author":3,"featured_media":0,"parent":598,"menu_order":0,"comment_status":"closed","ping_status":"closed","template":"","meta":{"_acf_changed":false,"footnotes":""},"class_list":["post-638","page","type-page","status-publish"],"acf":[],"yoast_head":"<!-- This site is optimized with the Yoast SEO Premium plugin v23.1 (Yoast SEO v23.1) - https:\/\/yoast.com\/wordpress\/plugins\/seo\/ -->\n<title>Awards - Fine &amp; Country Algarve<\/title>\n<meta name=\"robots\" content=\"index, follow, max-snippet:-1, max-image-preview:large, max-video-preview:-1\" \/>\n<link rel=\"canonical\" href=\"https:\/\/finoproperties.com\/fr\/a-propos-de-nous\/prix\/\" \/>\n<meta property=\"og:locale\" content=\"fr_FR\" \/>\n<meta property=\"og:type\" content=\"article\" \/>\n<meta property=\"og:title\" content=\"Awards\" \/>\n<meta property=\"og:url\" content=\"https:\/\/finoproperties.com\/fr\/a-propos-de-nous\/prix\/\" \/>\n<meta property=\"og:site_name\" content=\"Fine &amp; Country Algarve\" \/>\n<meta property=\"article:modified_time\" content=\"2025-12-15T16:38:22+00:00\" \/>\n<meta name=\"twitter:card\" content=\"summary_large_image\" \/>\n<script type=\"application\/ld+json\" class=\"yoast-schema-graph\">{\"@context\":\"https:\/\/schema.org\",\"@graph\":[{\"@type\":\"WebPage\",\"@id\":\"https:\/\/finoproperties.com\/fr\/a-propos-de-nous\/prix\/\",\"url\":\"https:\/\/finoproperties.com\/fr\/a-propos-de-nous\/prix\/\",\"name\":\"Awards - Fine &amp; Country Algarve\",\"isPartOf\":{\"@id\":\"https:\/\/finoproperties.com\/fr\/#website\"},\"datePublished\":\"2024-08-08T11:17:49+00:00\",\"dateModified\":\"2025-12-15T16:38:22+00:00\",\"breadcrumb\":{\"@id\":\"https:\/\/finoproperties.com\/fr\/a-propos-de-nous\/prix\/#breadcrumb\"},\"inLanguage\":\"fr-FR\",\"potentialAction\":[{\"@type\":\"ReadAction\",\"target\":[\"https:\/\/finoproperties.com\/fr\/a-propos-de-nous\/prix\/\"]}]},{\"@type\":\"BreadcrumbList\",\"@id\":\"https:\/\/finoproperties.com\/fr\/a-propos-de-nous\/prix\/#breadcrumb\",\"itemListElement\":[{\"@type\":\"ListItem\",\"position\":1,\"name\":\"Home\",\"item\":\"https:\/\/finoproperties.com\/\"},{\"@type\":\"ListItem\",\"position\":2,\"name\":\"About Us\",\"item\":\"https:\/\/finoproperties.com\/about-us\/\"},{\"@type\":\"ListItem\",\"position\":3,\"name\":\"Awards\"}]},{\"@type\":\"WebSite\",\"@id\":\"https:\/\/finoproperties.com\/fr\/#website\",\"url\":\"https:\/\/finoproperties.com\/fr\/\",\"name\":\"Fine &amp; Country Algarve\",\"description\":\"Exceptional homes, beautifully presented\",\"publisher\":{\"@id\":\"https:\/\/finoproperties.com\/fr\/#organization\"},\"potentialAction\":[{\"@type\":\"SearchAction\",\"target\":{\"@type\":\"EntryPoint\",\"urlTemplate\":\"https:\/\/finoproperties.com\/fr\/?s={search_term_string}\"},\"query-input\":\"required name=search_term_string\"}],\"inLanguage\":\"fr-FR\"},{\"@type\":\"Organization\",\"@id\":\"https:\/\/finoproperties.com\/fr\/#organization\",\"name\":\"Fine &amp; Country Algarve\",\"url\":\"https:\/\/finoproperties.com\/fr\/\",\"logo\":{\"@type\":\"ImageObject\",\"inLanguage\":\"fr-FR\",\"@id\":\"https:\/\/finoproperties.com\/fr\/#\/schema\/logo\/image\/\",\"url\":\"https:\/\/finoproperties.com\/wp-content\/uploads\/2026\/02\/FC-Logo-Stacked_Full-Colour.png\",\"contentUrl\":\"https:\/\/finoproperties.com\/wp-content\/uploads\/2026\/02\/FC-Logo-Stacked_Full-Colour.png\",\"width\":3205,\"height\":822,\"caption\":\"Fine &amp; Country Algarve\"},\"image\":{\"@id\":\"https:\/\/finoproperties.com\/fr\/#\/schema\/logo\/image\/\"}}]}<\/script>\n<!-- \/ Yoast SEO Premium plugin. -->","yoast_head_json":{"title":"Awards - Fine &amp; Country Algarve","robots":{"index":"index","follow":"follow","max-snippet":"max-snippet:-1","max-image-preview":"max-image-preview:large","max-video-preview":"max-video-preview:-1"},"canonical":"https:\/\/finoproperties.com\/fr\/a-propos-de-nous\/prix\/","og_locale":"fr_FR","og_type":"article","og_title":"Awards","og_url":"https:\/\/finoproperties.com\/fr\/a-propos-de-nous\/prix\/","og_site_name":"Fine &amp; Country Algarve","article_modified_time":"2025-12-15T16:38:22+00:00","twitter_card":"summary_large_image","schema":{"@context":"https:\/\/schema.org","@graph":[{"@type":"WebPage","@id":"https:\/\/finoproperties.com\/fr\/a-propos-de-nous\/prix\/","url":"https:\/\/finoproperties.com\/fr\/a-propos-de-nous\/prix\/","name":"Awards - Fine &amp; Country Algarve","isPartOf":{"@id":"https:\/\/finoproperties.com\/fr\/#website"},"datePublished":"2024-08-08T11:17:49+00:00","dateModified":"2025-12-15T16:38:22+00:00","breadcrumb":{"@id":"https:\/\/finoproperties.com\/fr\/a-propos-de-nous\/prix\/#breadcrumb"},"inLanguage":"fr-FR","potentialAction":[{"@type":"ReadAction","target":["https:\/\/finoproperties.com\/fr\/a-propos-de-nous\/prix\/"]}]},{"@type":"BreadcrumbList","@id":"https:\/\/finoproperties.com\/fr\/a-propos-de-nous\/prix\/#breadcrumb","itemListElement":[{"@type":"ListItem","position":1,"name":"Home","item":"https:\/\/finoproperties.com\/"},{"@type":"ListItem","position":2,"name":"About Us","item":"https:\/\/finoproperties.com\/about-us\/"},{"@type":"ListItem","position":3,"name":"Awards"}]},{"@type":"WebSite","@id":"https:\/\/finoproperties.com\/fr\/#website","url":"https:\/\/finoproperties.com\/fr\/","name":"Fine &amp; Country Algarve","description":"Exceptional homes, beautifully presented","publisher":{"@id":"https:\/\/finoproperties.com\/fr\/#organization"},"potentialAction":[{"@type":"SearchAction","target":{"@type":"EntryPoint","urlTemplate":"https:\/\/finoproperties.com\/fr\/?s={search_term_string}"},"query-input":"required name=search_term_string"}],"inLanguage":"fr-FR"},{"@type":"Organization","@id":"https:\/\/finoproperties.com\/fr\/#organization","name":"Fine &amp; Country Algarve","url":"https:\/\/finoproperties.com\/fr\/","logo":{"@type":"ImageObject","inLanguage":"fr-FR","@id":"https:\/\/finoproperties.com\/fr\/#\/schema\/logo\/image\/","url":"https:\/\/finoproperties.com\/wp-content\/uploads\/2026\/02\/FC-Logo-Stacked_Full-Colour.png","contentUrl":"https:\/\/finoproperties.com\/wp-content\/uploads\/2026\/02\/FC-Logo-Stacked_Full-Colour.png","width":3205,"height":822,"caption":"Fine &amp; Country Algarve"},"image":{"@id":"https:\/\/finoproperties.com\/fr\/#\/schema\/logo\/image\/"}}]}},"_links":{"self":[{"href":"https:\/\/finoproperties.com\/fr\/wp-json\/wp\/v2\/pages\/638","targetHints":{"allow":["GET"]}}],"collection":[{"href":"https:\/\/finoproperties.com\/fr\/wp-json\/wp\/v2\/pages"}],"about":[{"href":"https:\/\/finoproperties.com\/fr\/wp-json\/wp\/v2\/types\/page"}],"author":[{"embeddable":true,"href":"https:\/\/finoproperties.com\/fr\/wp-json\/wp\/v2\/users\/3"}],"replies":[{"embeddable":true,"href":"https:\/\/finoproperties.com\/fr\/wp-json\/wp\/v2\/comments?post=638"}],"version-history":[{"count":11,"href":"https:\/\/finoproperties.com\/fr\/wp-json\/wp\/v2\/pages\/638\/revisions"}],"predecessor-version":[{"id":1785,"href":"https:\/\/finoproperties.com\/fr\/wp-json\/wp\/v2\/pages\/638\/revisions\/1785"}],"up":[{"embeddable":true,"href":"https:\/\/finoproperties.com\/fr\/wp-json\/wp\/v2\/pages\/598"}],"wp:attachment":[{"href":"https:\/\/finoproperties.com\/fr\/wp-json\/wp\/v2\/media?parent=638"}],"curies":[{"name":"wp","href":"https:\/\/api.w.org\/{rel}","templated":true}]}}