{"id":598,"date":"2024-08-08T11:08:25","date_gmt":"2024-08-08T11:08:25","guid":{"rendered":"https:\/\/finoproperties.com\/?page_id=598"},"modified":"2025-12-19T13:54:36","modified_gmt":"2025-12-19T13:54:36","slug":"a-propos-de-nous","status":"publish","type":"page","link":"https:\/\/finoproperties.com\/fr\/a-propos-de-nous\/","title":{"rendered":"\u00c0 propos de nous"},"content":{"rendered":"<section class=\"gpc-content-block  gpc-about-content\" id=\"gpc-content-block-block_95be9f6aaf85cf40fe087916191b6841\">\r\n    <div class=\"dng-content-section\">\r\n        <div class=\"gpc-content\">\r\n                            <span class=\"overline\">\u00c0 propos de nous<\/span>\r\n                                            <h1>Qui sommes-nous<\/h1>\r\n                            <p><p>Fine &amp; Country Algarve est une agence immobili\u00e8re de luxe de premier plan, offrant un portefeuille d\u2019exception et un niveau de service in\u00e9gal\u00e9. Cr\u00e9\u00e9e il y a plus de dix ans, notre soci\u00e9t\u00e9 a d\u00e9velopp\u00e9 sa pr\u00e9sence avec quatre bureaux strat\u00e9giques en Algarve \u2014 Carvoeiro (notre vitrine), Almancil, Tavira et d\u00e9sormais Albufeira. Membre du r\u00e9seau international Fine &amp; Country, fort de plus de 300 implantations, nous allions expertise locale et puissance marketing mondiale. Notre \u00e9quipe en Algarve est fi\u00e8re d\u2019\u00eatre le repr\u00e9sentant exclusif de cette marque premium, r\u00e9put\u00e9e pour son int\u00e9grit\u00e9, son professionnalisme et son approche sur-mesure.<\/p>\n<\/p>\r\n                    <\/div>\r\n    <\/div>\r\n<\/section>\n\n\n<figure class=\"wp-block-video\"><video autoplay loop muted src=\"https:\/\/finoproperties.com\/wp-content\/uploads\/2024\/08\/Website-Header-Little-Things-English.mp4\" playsinline><\/video><\/figure>\n\n\n<section class=\"gpc-about-company\" id=\"gpc-about-company-block_f99c680cbc6e11992041e1f614f02c15\">\r\n    <div class=\"dng-content-section\">\r\n                    <div class=\"d-flex\">\r\n                                    <div class=\"gpc-abt-flex-Item\">\r\n                        <div class=\"abt-item-content\">\r\n                                                            <div class=\"about-item_img\">\r\n                                    <img decoding=\"async\" width=\"440\" height=\"260\" src=\"https:\/\/finoproperties.com\/wp-content\/uploads\/2024\/08\/Little-things-cropped.webp\" class=\"attachment-full size-full\" alt=\"\" srcset=\"https:\/\/finoproperties.com\/wp-content\/uploads\/2024\/08\/Little-things-cropped.webp 440w, https:\/\/finoproperties.com\/wp-content\/uploads\/2024\/08\/Little-things-cropped-300x177.webp 300w\" sizes=\"(max-width: 440px) 100vw, 440px\" \/>                                <\/div>\r\n                                                            <h3>Pourquoi Fine &amp; Country<\/h3>\r\n                                                            <p class=\"body1\">Nous proposons une approche renouvel\u00e9e de la vente de biens d\u2019exception, conjuguant cr\u00e9ativit\u00e9, sens du d\u00e9tail, expertise locale et port\u00e9e internationale.<\/p>\r\n                                                        <a href=\"https:\/\/finoproperties.com\/fr\/a-propos-de-nous\/pourquoi-fine-country\/\" target=\"\" class=\"button-text\">EN SAVOIR PLUS<\/a>\r\n                                                    <\/div>\r\n                    <\/div>\r\n                                    <div class=\"gpc-abt-flex-Item\">\r\n                        <div class=\"abt-item-content\">\r\n                                                            <div class=\"about-item_img\">\r\n                                    <img decoding=\"async\" width=\"440\" height=\"260\" src=\"https:\/\/finoproperties.com\/wp-content\/uploads\/2024\/08\/DSC_9655.webp\" class=\"attachment-full size-full\" alt=\"\" srcset=\"https:\/\/finoproperties.com\/wp-content\/uploads\/2024\/08\/DSC_9655.webp 440w, https:\/\/finoproperties.com\/wp-content\/uploads\/2024\/08\/DSC_9655-300x177.webp 300w\" sizes=\"(max-width: 440px) 100vw, 440px\" \/>                                <\/div>\r\n                                                            <h3>Nos r\u00e9compenses<\/h3>\r\n                                                            <p class=\"body1\">Nous visons l\u2019excellence du service pour tous nos clients. La reconnaissance n\u2019est pas une finalit\u00e9 ; elle d\u00e9coule naturellement d\u2019un travail bien fait.<\/p>\r\n                                                        <a href=\"https:\/\/finoproperties.com\/fr\/a-propos-de-nous\/prix\/\" target=\"\" class=\"button-text\">EN SAVOIR PLUS<\/a>\r\n                                                    <\/div>\r\n                    <\/div>\r\n                                    <div class=\"gpc-abt-flex-Item\">\r\n                        <div class=\"abt-item-content\">\r\n                                                            <div class=\"about-item_img\">\r\n                                    <img decoding=\"async\" width=\"440\" height=\"260\" src=\"https:\/\/finoproperties.com\/wp-content\/uploads\/2024\/08\/Our-culture-2.webp\" class=\"attachment-full size-full\" alt=\"\" srcset=\"https:\/\/finoproperties.com\/wp-content\/uploads\/2024\/08\/Our-culture-2.webp 440w, https:\/\/finoproperties.com\/wp-content\/uploads\/2024\/08\/Our-culture-2-300x177.webp 300w\" sizes=\"(max-width: 440px) 100vw, 440px\" \/>                                <\/div>\r\n                                                            <h3>Notre culture<\/h3>\r\n                                                            <p class=\"body1\">Nous offrons le meilleur service \u00e0 nos clients, partenaires et professionnels de l\u2019immobilier, en favorisant la collaboration, la transparence et des r\u00e9sultats durables.<\/p>\r\n                                                        <a href=\"https:\/\/finoproperties.com\/fr\/a-propos-de-nous\/a-propos-de-nou\/\" target=\"\" class=\"button-text\">EN SAVOIR PLUS<\/a>\r\n                                                    <\/div>\r\n                    <\/div>\r\n                                    <div class=\"gpc-abt-flex-Item\">\r\n                        <div class=\"abt-item-content\">\r\n                                                            <div class=\"about-item_img\">\r\n                                    <img decoding=\"async\" width=\"440\" height=\"260\" src=\"https:\/\/finoproperties.com\/wp-content\/uploads\/2024\/08\/no-image-case-studies.webp\" class=\"attachment-full size-full\" alt=\"\" srcset=\"https:\/\/finoproperties.com\/wp-content\/uploads\/2024\/08\/no-image-case-studies.webp 440w, https:\/\/finoproperties.com\/wp-content\/uploads\/2024\/08\/no-image-case-studies-300x177.webp 300w\" sizes=\"(max-width: 440px) 100vw, 440px\" \/>                                <\/div>\r\n                                                            <h3>Media Centre<\/h3>\r\n                                                            <p class=\"body1\">Notre Media Centre r\u00e9unit des responsables presse et des r\u00e9dacteurs exp\u00e9riment\u00e9s, d\u00e9di\u00e9s aux relations m\u00e9dias et \u00e0 la cr\u00e9ation de contenus de qualit\u00e9.<\/p>\r\n                                                        <a href=\"https:\/\/finoproperties.com\/fr\/a-propos-de-nous\/media-centre\/\" target=\"\" class=\"button-text\">EN SAVOIR PLUS<\/a>\r\n                                                    <\/div>\r\n                    <\/div>\r\n                                    <div class=\"gpc-abt-flex-Item\">\r\n                        <div class=\"abt-item-content\">\r\n                                                            <div class=\"about-item_img\">\r\n                                    <img decoding=\"async\" width=\"440\" height=\"260\" src=\"https:\/\/finoproperties.com\/wp-content\/uploads\/2024\/08\/Outdoor.webp\" class=\"attachment-full size-full\" alt=\"\" srcset=\"https:\/\/finoproperties.com\/wp-content\/uploads\/2024\/08\/Outdoor.webp 440w, https:\/\/finoproperties.com\/wp-content\/uploads\/2024\/08\/Outdoor-300x177.webp 300w\" sizes=\"(max-width: 440px) 100vw, 440px\" \/>                                <\/div>\r\n                                                            <h3>Responsabilit\u00e9 soci\u00e9tale<\/h3>\r\n                                                            <p class=\"body1\">Au sein du r\u00e9seau Fine &amp; Country, nous \u00e9voluons vers un mod\u00e8le toujours plus responsable et durable, en soutenant des initiatives et fondations locales.<\/p>\r\n                                                        <a href=\"https:\/\/finoproperties.com\/fr\/a-propos-de-nous\/responsabilite-sociale\/\" target=\"\" class=\"button-text\">EN SAVOIR PLUS<\/a>\r\n                                                    <\/div>\r\n                    <\/div>\r\n                                    <div class=\"gpc-abt-flex-Item\">\r\n                        <div class=\"abt-item-content\">\r\n                                                    <\/div>\r\n                    <\/div>\r\n                            <\/div>\r\n            <\/div>\r\n<\/section>\n\n\n<p><\/p>","protected":false},"excerpt":{"rendered":"","protected":false},"author":3,"featured_media":0,"parent":0,"menu_order":0,"comment_status":"closed","ping_status":"closed","template":"","meta":{"_acf_changed":false,"footnotes":""},"class_list":["post-598","page","type-page","status-publish"],"acf":[],"yoast_head":"<!-- This site is optimized with the Yoast SEO Premium plugin v23.1 (Yoast SEO v23.1) - https:\/\/yoast.com\/wordpress\/plugins\/seo\/ -->\n<title>About us | Fine &amp; Country Algarve<\/title>\n<meta name=\"description\" content=\"Learn about Fine &amp; Country Algarve, your luxury real estate experts in the Algarve. Discover our passion for finding your perfect property.\" \/>\n<meta name=\"robots\" content=\"index, follow, max-snippet:-1, max-image-preview:large, max-video-preview:-1\" \/>\n<link rel=\"canonical\" href=\"https:\/\/finoproperties.com\/fr\/a-propos-de-nous\/\" \/>\n<meta property=\"og:locale\" content=\"fr_FR\" \/>\n<meta property=\"og:type\" content=\"article\" \/>\n<meta property=\"og:title\" content=\"About Us\" \/>\n<meta property=\"og:description\" content=\"Learn about Fine &amp; Country Algarve, your luxury real estate experts in the Algarve. Discover our passion for finding your perfect property.\" \/>\n<meta property=\"og:url\" content=\"https:\/\/finoproperties.com\/fr\/a-propos-de-nous\/\" \/>\n<meta property=\"og:site_name\" content=\"Fine &amp; Country Algarve\" \/>\n<meta property=\"article:modified_time\" content=\"2025-12-19T13:54:36+00:00\" \/>\n<meta name=\"twitter:card\" content=\"summary_large_image\" \/>\n<script type=\"application\/ld+json\" class=\"yoast-schema-graph\">{\"@context\":\"https:\/\/schema.org\",\"@graph\":[{\"@type\":\"WebPage\",\"@id\":\"https:\/\/finoproperties.com\/fr\/a-propos-de-nous\/\",\"url\":\"https:\/\/finoproperties.com\/fr\/a-propos-de-nous\/\",\"name\":\"About us | Fine & Country Algarve\",\"isPartOf\":{\"@id\":\"https:\/\/finoproperties.com\/fr\/#website\"},\"datePublished\":\"2024-08-08T11:08:25+00:00\",\"dateModified\":\"2025-12-19T13:54:36+00:00\",\"description\":\"Learn about Fine & Country Algarve, your luxury real estate experts in the Algarve. Discover our passion for finding your perfect property.\",\"breadcrumb\":{\"@id\":\"https:\/\/finoproperties.com\/fr\/a-propos-de-nous\/#breadcrumb\"},\"inLanguage\":\"fr-FR\",\"potentialAction\":[{\"@type\":\"ReadAction\",\"target\":[\"https:\/\/finoproperties.com\/fr\/a-propos-de-nous\/\"]}]},{\"@type\":\"BreadcrumbList\",\"@id\":\"https:\/\/finoproperties.com\/fr\/a-propos-de-nous\/#breadcrumb\",\"itemListElement\":[{\"@type\":\"ListItem\",\"position\":1,\"name\":\"Home\",\"item\":\"https:\/\/finoproperties.com\/\"},{\"@type\":\"ListItem\",\"position\":2,\"name\":\"About Us\"}]},{\"@type\":\"WebSite\",\"@id\":\"https:\/\/finoproperties.com\/fr\/#website\",\"url\":\"https:\/\/finoproperties.com\/fr\/\",\"name\":\"Fine &amp; Country Algarve\",\"description\":\"Exceptional homes, beautifully presented\",\"publisher\":{\"@id\":\"https:\/\/finoproperties.com\/fr\/#organization\"},\"potentialAction\":[{\"@type\":\"SearchAction\",\"target\":{\"@type\":\"EntryPoint\",\"urlTemplate\":\"https:\/\/finoproperties.com\/fr\/?s={search_term_string}\"},\"query-input\":\"required name=search_term_string\"}],\"inLanguage\":\"fr-FR\"},{\"@type\":\"Organization\",\"@id\":\"https:\/\/finoproperties.com\/fr\/#organization\",\"name\":\"Fine &amp; Country Algarve\",\"url\":\"https:\/\/finoproperties.com\/fr\/\",\"logo\":{\"@type\":\"ImageObject\",\"inLanguage\":\"fr-FR\",\"@id\":\"https:\/\/finoproperties.com\/fr\/#\/schema\/logo\/image\/\",\"url\":\"https:\/\/finoproperties.com\/wp-content\/uploads\/2026\/02\/FC-Logo-Stacked_Full-Colour.png\",\"contentUrl\":\"https:\/\/finoproperties.com\/wp-content\/uploads\/2026\/02\/FC-Logo-Stacked_Full-Colour.png\",\"width\":3205,\"height\":822,\"caption\":\"Fine &amp; Country Algarve\"},\"image\":{\"@id\":\"https:\/\/finoproperties.com\/fr\/#\/schema\/logo\/image\/\"}}]}<\/script>\n<!-- \/ Yoast SEO Premium plugin. -->","yoast_head_json":{"title":"\u00c0 Propos de Nous | Fine &amp; Country Algarve","description":"D\u00e9couvrez Fine &amp; Country Algarve, experts en immobilier de luxe en Algarve. Apprenez notre passion pour trouver la propri\u00e9t\u00e9 id\u00e9ale pour vous.","robots":{"index":"index","follow":"follow","max-snippet":"max-snippet:-1","max-image-preview":"max-image-preview:large","max-video-preview":"max-video-preview:-1"},"canonical":"https:\/\/finoproperties.com\/fr\/a-propos-de-nous\/","og_locale":"fr_FR","og_type":"article","og_title":"About Us","og_description":"Learn about Fine & Country Algarve, your luxury real estate experts in the Algarve. Discover our passion for finding your perfect property.","og_url":"https:\/\/finoproperties.com\/fr\/a-propos-de-nous\/","og_site_name":"Fine &amp; Country Algarve","article_modified_time":"2025-12-19T13:54:36+00:00","twitter_card":"summary_large_image","schema":{"@context":"https:\/\/schema.org","@graph":[{"@type":"WebPage","@id":"https:\/\/finoproperties.com\/fr\/a-propos-de-nous\/","url":"https:\/\/finoproperties.com\/fr\/a-propos-de-nous\/","name":"\u00c0 Propos de Nous | Fine &amp; Country Algarve","isPartOf":{"@id":"https:\/\/finoproperties.com\/fr\/#website"},"datePublished":"2024-08-08T11:08:25+00:00","dateModified":"2025-12-19T13:54:36+00:00","description":"D\u00e9couvrez Fine &amp; Country Algarve, experts en immobilier de luxe en Algarve. Apprenez notre passion pour trouver la propri\u00e9t\u00e9 id\u00e9ale pour vous.","breadcrumb":{"@id":"https:\/\/finoproperties.com\/fr\/a-propos-de-nous\/#breadcrumb"},"inLanguage":"fr-FR","potentialAction":[{"@type":"ReadAction","target":["https:\/\/finoproperties.com\/fr\/a-propos-de-nous\/"]}]},{"@type":"BreadcrumbList","@id":"https:\/\/finoproperties.com\/fr\/a-propos-de-nous\/#breadcrumb","itemListElement":[{"@type":"ListItem","position":1,"name":"Home","item":"https:\/\/finoproperties.com\/"},{"@type":"ListItem","position":2,"name":"About Us"}]},{"@type":"WebSite","@id":"https:\/\/finoproperties.com\/fr\/#website","url":"https:\/\/finoproperties.com\/fr\/","name":"Fine &amp; Country Algarve","description":"Exceptional homes, beautifully presented","publisher":{"@id":"https:\/\/finoproperties.com\/fr\/#organization"},"potentialAction":[{"@type":"SearchAction","target":{"@type":"EntryPoint","urlTemplate":"https:\/\/finoproperties.com\/fr\/?s={search_term_string}"},"query-input":"required name=search_term_string"}],"inLanguage":"fr-FR"},{"@type":"Organization","@id":"https:\/\/finoproperties.com\/fr\/#organization","name":"Fine &amp; Country Algarve","url":"https:\/\/finoproperties.com\/fr\/","logo":{"@type":"ImageObject","inLanguage":"fr-FR","@id":"https:\/\/finoproperties.com\/fr\/#\/schema\/logo\/image\/","url":"https:\/\/finoproperties.com\/wp-content\/uploads\/2026\/02\/FC-Logo-Stacked_Full-Colour.png","contentUrl":"https:\/\/finoproperties.com\/wp-content\/uploads\/2026\/02\/FC-Logo-Stacked_Full-Colour.png","width":3205,"height":822,"caption":"Fine &amp; Country Algarve"},"image":{"@id":"https:\/\/finoproperties.com\/fr\/#\/schema\/logo\/image\/"}}]}},"_links":{"self":[{"href":"https:\/\/finoproperties.com\/fr\/wp-json\/wp\/v2\/pages\/598","targetHints":{"allow":["GET"]}}],"collection":[{"href":"https:\/\/finoproperties.com\/fr\/wp-json\/wp\/v2\/pages"}],"about":[{"href":"https:\/\/finoproperties.com\/fr\/wp-json\/wp\/v2\/types\/page"}],"author":[{"embeddable":true,"href":"https:\/\/finoproperties.com\/fr\/wp-json\/wp\/v2\/users\/3"}],"replies":[{"embeddable":true,"href":"https:\/\/finoproperties.com\/fr\/wp-json\/wp\/v2\/comments?post=598"}],"version-history":[{"count":16,"href":"https:\/\/finoproperties.com\/fr\/wp-json\/wp\/v2\/pages\/598\/revisions"}],"predecessor-version":[{"id":1585,"href":"https:\/\/finoproperties.com\/fr\/wp-json\/wp\/v2\/pages\/598\/revisions\/1585"}],"wp:attachment":[{"href":"https:\/\/finoproperties.com\/fr\/wp-json\/wp\/v2\/media?parent=598"}],"curies":[{"name":"wp","href":"https:\/\/api.w.org\/{rel}","templated":true}]}}