{"id":558,"date":"2024-08-06T09:17:51","date_gmt":"2024-08-06T09:17:51","guid":{"rendered":"https:\/\/finoproperties.com\/?page_id=558"},"modified":"2025-10-28T06:12:34","modified_gmt":"2025-10-28T06:12:34","slug":"services","status":"publish","type":"page","link":"https:\/\/finoproperties.com\/fr\/services\/","title":{"rendered":"Services"},"content":{"rendered":"<section class=\"gpc-content-block  gpc-about-content\" id=\"gpc-content-block-block_3161ec4fea5ef43b6a0f3fed605c1e00\">\r\n    <div class=\"dng-content-section\">\r\n        <div class=\"gpc-content\">\r\n                                        <h1>Services<\/h1>\r\n                            <p><p>Fine &amp; Country Algarve propose une offre compl\u00e8te de services immobiliers couvrant tous les aspects de l\u2019achat, de la vente et de la d\u00e9tention d\u2019un bien en Algarve. Notre approche est r\u00e9solument orient\u00e9e service et personnalis\u00e9e \u2014 notre ambition est non seulement de r\u00e9pondre aux attentes, mais de les d\u00e9passer. Vous trouverez ci-dessous un aper\u00e7u de nos services cl\u00e9s :<\/p>\n<\/p>\r\n                    <\/div>\r\n    <\/div>\r\n<\/section>\n\n\n<figure class=\"wp-block-video gpc-video-block no_margin_bottom\"><video autoplay loop muted src=\"https:\/\/finoproperties.com\/wp-content\/uploads\/2024\/08\/website-header-time-spent-together.mp4\" playsinline><\/video><\/figure>","protected":false},"excerpt":{"rendered":"","protected":false},"author":3,"featured_media":0,"parent":0,"menu_order":0,"comment_status":"closed","ping_status":"closed","template":"","meta":{"_acf_changed":false,"footnotes":""},"class_list":["post-558","page","type-page","status-publish"],"acf":[],"yoast_head":"<!-- This site is optimized with the Yoast SEO Premium plugin v23.1 (Yoast SEO v23.1) - https:\/\/yoast.com\/wordpress\/plugins\/seo\/ -->\n<title>Services - Fine &amp; Country Algarve<\/title>\n<meta name=\"robots\" content=\"index, follow, max-snippet:-1, max-image-preview:large, max-video-preview:-1\" \/>\n<link rel=\"canonical\" href=\"https:\/\/finoproperties.com\/fr\/services\/\" \/>\n<meta property=\"og:locale\" content=\"fr_FR\" \/>\n<meta property=\"og:type\" content=\"article\" \/>\n<meta property=\"og:title\" content=\"Services\" \/>\n<meta property=\"og:url\" content=\"https:\/\/finoproperties.com\/fr\/services\/\" \/>\n<meta property=\"og:site_name\" content=\"Fine &amp; Country Algarve\" \/>\n<meta property=\"article:modified_time\" content=\"2025-10-28T06:12:34+00:00\" \/>\n<meta name=\"twitter:card\" content=\"summary_large_image\" \/>\n<script type=\"application\/ld+json\" class=\"yoast-schema-graph\">{\"@context\":\"https:\/\/schema.org\",\"@graph\":[{\"@type\":\"WebPage\",\"@id\":\"https:\/\/finoproperties.com\/fr\/services\/\",\"url\":\"https:\/\/finoproperties.com\/fr\/services\/\",\"name\":\"Services - Fine &amp; Country Algarve\",\"isPartOf\":{\"@id\":\"https:\/\/finoproperties.com\/fr\/#website\"},\"datePublished\":\"2024-08-06T09:17:51+00:00\",\"dateModified\":\"2025-10-28T06:12:34+00:00\",\"breadcrumb\":{\"@id\":\"https:\/\/finoproperties.com\/fr\/services\/#breadcrumb\"},\"inLanguage\":\"fr-FR\",\"potentialAction\":[{\"@type\":\"ReadAction\",\"target\":[\"https:\/\/finoproperties.com\/fr\/services\/\"]}]},{\"@type\":\"BreadcrumbList\",\"@id\":\"https:\/\/finoproperties.com\/fr\/services\/#breadcrumb\",\"itemListElement\":[{\"@type\":\"ListItem\",\"position\":1,\"name\":\"Home\",\"item\":\"https:\/\/finoproperties.com\/\"},{\"@type\":\"ListItem\",\"position\":2,\"name\":\"Services\"}]},{\"@type\":\"WebSite\",\"@id\":\"https:\/\/finoproperties.com\/fr\/#website\",\"url\":\"https:\/\/finoproperties.com\/fr\/\",\"name\":\"Fine &amp; Country Algarve\",\"description\":\"Exceptional homes, beautifully presented\",\"publisher\":{\"@id\":\"https:\/\/finoproperties.com\/fr\/#organization\"},\"potentialAction\":[{\"@type\":\"SearchAction\",\"target\":{\"@type\":\"EntryPoint\",\"urlTemplate\":\"https:\/\/finoproperties.com\/fr\/?s={search_term_string}\"},\"query-input\":\"required name=search_term_string\"}],\"inLanguage\":\"fr-FR\"},{\"@type\":\"Organization\",\"@id\":\"https:\/\/finoproperties.com\/fr\/#organization\",\"name\":\"Fine &amp; Country Algarve\",\"url\":\"https:\/\/finoproperties.com\/fr\/\",\"logo\":{\"@type\":\"ImageObject\",\"inLanguage\":\"fr-FR\",\"@id\":\"https:\/\/finoproperties.com\/fr\/#\/schema\/logo\/image\/\",\"url\":\"https:\/\/finoproperties.com\/wp-content\/uploads\/2026\/02\/FC-Logo-Stacked_Full-Colour.png\",\"contentUrl\":\"https:\/\/finoproperties.com\/wp-content\/uploads\/2026\/02\/FC-Logo-Stacked_Full-Colour.png\",\"width\":3205,\"height\":822,\"caption\":\"Fine &amp; Country Algarve\"},\"image\":{\"@id\":\"https:\/\/finoproperties.com\/fr\/#\/schema\/logo\/image\/\"}}]}<\/script>\n<!-- \/ Yoast SEO Premium plugin. -->","yoast_head_json":{"title":"Services - Fine &amp; Country Algarve","robots":{"index":"index","follow":"follow","max-snippet":"max-snippet:-1","max-image-preview":"max-image-preview:large","max-video-preview":"max-video-preview:-1"},"canonical":"https:\/\/finoproperties.com\/fr\/services\/","og_locale":"fr_FR","og_type":"article","og_title":"Services","og_url":"https:\/\/finoproperties.com\/fr\/services\/","og_site_name":"Fine &amp; Country Algarve","article_modified_time":"2025-10-28T06:12:34+00:00","twitter_card":"summary_large_image","schema":{"@context":"https:\/\/schema.org","@graph":[{"@type":"WebPage","@id":"https:\/\/finoproperties.com\/fr\/services\/","url":"https:\/\/finoproperties.com\/fr\/services\/","name":"Services - Fine &amp; Country Algarve","isPartOf":{"@id":"https:\/\/finoproperties.com\/fr\/#website"},"datePublished":"2024-08-06T09:17:51+00:00","dateModified":"2025-10-28T06:12:34+00:00","breadcrumb":{"@id":"https:\/\/finoproperties.com\/fr\/services\/#breadcrumb"},"inLanguage":"fr-FR","potentialAction":[{"@type":"ReadAction","target":["https:\/\/finoproperties.com\/fr\/services\/"]}]},{"@type":"BreadcrumbList","@id":"https:\/\/finoproperties.com\/fr\/services\/#breadcrumb","itemListElement":[{"@type":"ListItem","position":1,"name":"Home","item":"https:\/\/finoproperties.com\/"},{"@type":"ListItem","position":2,"name":"Services"}]},{"@type":"WebSite","@id":"https:\/\/finoproperties.com\/fr\/#website","url":"https:\/\/finoproperties.com\/fr\/","name":"Fine &amp; Country Algarve","description":"Exceptional homes, beautifully presented","publisher":{"@id":"https:\/\/finoproperties.com\/fr\/#organization"},"potentialAction":[{"@type":"SearchAction","target":{"@type":"EntryPoint","urlTemplate":"https:\/\/finoproperties.com\/fr\/?s={search_term_string}"},"query-input":"required name=search_term_string"}],"inLanguage":"fr-FR"},{"@type":"Organization","@id":"https:\/\/finoproperties.com\/fr\/#organization","name":"Fine &amp; Country Algarve","url":"https:\/\/finoproperties.com\/fr\/","logo":{"@type":"ImageObject","inLanguage":"fr-FR","@id":"https:\/\/finoproperties.com\/fr\/#\/schema\/logo\/image\/","url":"https:\/\/finoproperties.com\/wp-content\/uploads\/2026\/02\/FC-Logo-Stacked_Full-Colour.png","contentUrl":"https:\/\/finoproperties.com\/wp-content\/uploads\/2026\/02\/FC-Logo-Stacked_Full-Colour.png","width":3205,"height":822,"caption":"Fine &amp; Country Algarve"},"image":{"@id":"https:\/\/finoproperties.com\/fr\/#\/schema\/logo\/image\/"}}]}},"_links":{"self":[{"href":"https:\/\/finoproperties.com\/fr\/wp-json\/wp\/v2\/pages\/558","targetHints":{"allow":["GET"]}}],"collection":[{"href":"https:\/\/finoproperties.com\/fr\/wp-json\/wp\/v2\/pages"}],"about":[{"href":"https:\/\/finoproperties.com\/fr\/wp-json\/wp\/v2\/types\/page"}],"author":[{"embeddable":true,"href":"https:\/\/finoproperties.com\/fr\/wp-json\/wp\/v2\/users\/3"}],"replies":[{"embeddable":true,"href":"https:\/\/finoproperties.com\/fr\/wp-json\/wp\/v2\/comments?post=558"}],"version-history":[{"count":19,"href":"https:\/\/finoproperties.com\/fr\/wp-json\/wp\/v2\/pages\/558\/revisions"}],"predecessor-version":[{"id":1638,"href":"https:\/\/finoproperties.com\/fr\/wp-json\/wp\/v2\/pages\/558\/revisions\/1638"}],"wp:attachment":[{"href":"https:\/\/finoproperties.com\/fr\/wp-json\/wp\/v2\/media?parent=558"}],"curies":[{"name":"wp","href":"https:\/\/api.w.org\/{rel}","templated":true}]}}