{"id":638,"date":"2024-08-08T11:17:49","date_gmt":"2024-08-08T11:17:49","guid":{"rendered":"https:\/\/finoproperties.com\/?page_id=638"},"modified":"2025-12-15T16:38:22","modified_gmt":"2025-12-15T16:38:22","slug":"auszeichnungen","status":"publish","type":"page","link":"https:\/\/finoproperties.com\/de\/ueber-uns\/auszeichnungen\/","title":{"rendered":"Auszeichnungen"},"content":{"rendered":"<section class=\"gpc-content-block  gpc-about-content\" id=\"gpc-content-block-block_bbbe7e96251f019eac6c5c3ff3f39cae\">\r\n    <div class=\"dng-content-section\">\r\n        <div class=\"gpc-content\">\r\n                            <span class=\"overline\">Unsere Auszeichnungen<\/span>\r\n                                            <h1>Anerkannt f\u00fcr Exzellenz \u2013 angetrieben von \u00dcberzeugung<\/h1>\r\n                            <p><p>Bei Fine &amp; Country Algarve war es stets unser Ziel, herausragenden Service zu bieten \u2013 nicht wegen m\u00f6glicher Auszeichnungen, sondern weil wir jedem Kunden die bestm\u00f6gliche Erfahrung bieten m\u00f6chten. Umso sch\u00f6ner ist es, wenn dieses Engagement auch von unserem internationalen Netzwerk und unseren Branchenkollegen gew\u00fcrdigt wird.<\/p>\n<p>Im Laufe der Jahre wurden wir mehrfach von Fine &amp; Country International ausgezeichnet. Diese Auszeichnungen sind keine bezahlten oder werblichen Titel, sondern echte Verdienstauszeichnungen \u2013 verliehen unter mehr als 300 Fine &amp; Country B\u00fcros weltweit. Jede einzelne spiegelt unsere Leidenschaft, unsere Kreativit\u00e4t und unsere best\u00e4ndige Qualit\u00e4t im Premium-Immobilienmarkt wider.<\/p>\n<\/p>\r\n                    <\/div>\r\n    <\/div>\r\n<\/section>\n\n<section class=\"gpc-awrds  gpc-about-content\" id=\"gpc-awards-block_2e294aee9407cac7f646c18880f82a6b\">\r\n    <div class=\"dng-content-section\">\r\n                    <div class=\"d-flex\">\r\n                                    <div class=\"gpc-awrds-flex-Item\">\r\n                        <div class=\"awrds-item-content\">\r\n                                                            <div class=\"awrds-item_img\">\r\n                                    <img decoding=\"async\" width=\"320\" height=\"220\" src=\"https:\/\/finoproperties.com\/wp-content\/uploads\/2024\/08\/MicrosoftTeams-image.webp\" class=\"attachment-full size-full\" alt=\"\" srcset=\"https:\/\/finoproperties.com\/wp-content\/uploads\/2024\/08\/MicrosoftTeams-image.webp 320w, https:\/\/finoproperties.com\/wp-content\/uploads\/2024\/08\/MicrosoftTeams-image-300x206.webp 300w\" sizes=\"(max-width: 320px) 100vw, 320px\" \/>                                <\/div>\r\n                                                            <span class=\"overline\">2014<\/span>\r\n                                                        <h4>Beste Marketingstrategie<\/h4>\r\n                                                            <p class=\"body1\">Auszeichnung f\u00fcr kreative und wirkungsvolle Pr\u00e4sentation und Vermarktung hochwertiger Immobilien.\r\n<\/p>\r\n                                                    <\/div>\r\n                    <\/div>\r\n                                    <div class=\"gpc-awrds-flex-Item\">\r\n                        <div class=\"awrds-item-content\">\r\n                                                            <div class=\"awrds-item_img\">\r\n                                    <img decoding=\"async\" width=\"320\" height=\"220\" src=\"https:\/\/finoproperties.com\/wp-content\/uploads\/2024\/08\/FiveStar-Noms-MAP_6296_original.webp\" class=\"attachment-full size-full\" alt=\"\" srcset=\"https:\/\/finoproperties.com\/wp-content\/uploads\/2024\/08\/FiveStar-Noms-MAP_6296_original.webp 320w, https:\/\/finoproperties.com\/wp-content\/uploads\/2024\/08\/FiveStar-Noms-MAP_6296_original-300x206.webp 300w\" sizes=\"(max-width: 320px) 100vw, 320px\" \/>                                <\/div>\r\n                                                            <span class=\"overline\">2022<\/span>\r\n                                                        <h4>Beste Marketingstrategie<\/h4>\r\n                                                            <p class=\"body1\">Erneute Ehrung f\u00fcr Ma\u00dfst\u00e4be setzendes Marketing innerhalb des Fine &amp; Country Netzwerks.\r\n<\/p>\r\n                                                    <\/div>\r\n                    <\/div>\r\n                                    <div class=\"gpc-awrds-flex-Item\">\r\n                        <div class=\"awrds-item-content\">\r\n                                                            <div class=\"awrds-item_img\">\r\n                                    <img decoding=\"async\" width=\"320\" height=\"220\" src=\"https:\/\/finoproperties.com\/wp-content\/uploads\/2024\/08\/DSC_9655-1.webp\" class=\"attachment-full size-full\" alt=\"\" srcset=\"https:\/\/finoproperties.com\/wp-content\/uploads\/2024\/08\/DSC_9655-1.webp 320w, https:\/\/finoproperties.com\/wp-content\/uploads\/2024\/08\/DSC_9655-1-300x206.webp 300w\" sizes=\"(max-width: 320px) 100vw, 320px\" \/>                                <\/div>\r\n                                                            <span class=\"overline\">2023<\/span>\r\n                                                        <h4>Beste Social-Media-Pr\u00e4senz<\/h4>\r\n                                                            <p class=\"body1\">Pr\u00e4miert f\u00fcr den innovativen Einsatz sozialer Medien zur globalen Reichweitensteigerung exklusiver Immobilien.\r\n<\/p>\r\n                                                    <\/div>\r\n                    <\/div>\r\n                                    <div class=\"gpc-awrds-flex-Item\">\r\n                        <div class=\"awrds-item-content\">\r\n                                                            <div class=\"awrds-item_img\">\r\n                                    <img decoding=\"async\" width=\"320\" height=\"220\" src=\"https:\/\/finoproperties.com\/wp-content\/uploads\/2024\/08\/BEST-INTERNATIONAL-REAL-ESTATE-MARKETING-2018-2019.webp\" class=\"attachment-full size-full\" alt=\"\" srcset=\"https:\/\/finoproperties.com\/wp-content\/uploads\/2024\/08\/BEST-INTERNATIONAL-REAL-ESTATE-MARKETING-2018-2019.webp 320w, https:\/\/finoproperties.com\/wp-content\/uploads\/2024\/08\/BEST-INTERNATIONAL-REAL-ESTATE-MARKETING-2018-2019-300x206.webp 300w\" sizes=\"(max-width: 320px) 100vw, 320px\" \/>                                <\/div>\r\n                                                            <span class=\"overline\">2024<\/span>\r\n                                                        <h4>Beste Marketingstrategie<\/h4>\r\n                                                            <p class=\"body1\">Zum dritten Mal ausgezeichnet \u2013 ein Beweis f\u00fcr unsere anhaltende F\u00fchrungsrolle im Lifestyle-orientierten Luxusmarketing.\r\n<\/p>\r\n                                                    <\/div>\r\n                    <\/div>\r\n                                    <div class=\"gpc-awrds-flex-Item\">\r\n                        <div class=\"awrds-item-content\">\r\n                                                            <div class=\"awrds-item_img\">\r\n                                    <img decoding=\"async\" width=\"320\" height=\"220\" src=\"https:\/\/finoproperties.com\/wp-content\/uploads\/2024\/08\/BEST-REAL-ESTATE-AGENCY-EUROPE-2018-2019.webp\" class=\"attachment-full size-full\" alt=\"\" srcset=\"https:\/\/finoproperties.com\/wp-content\/uploads\/2024\/08\/BEST-REAL-ESTATE-AGENCY-EUROPE-2018-2019.webp 320w, https:\/\/finoproperties.com\/wp-content\/uploads\/2024\/08\/BEST-REAL-ESTATE-AGENCY-EUROPE-2018-2019-300x206.webp 300w\" sizes=\"(max-width: 320px) 100vw, 320px\" \/>                                <\/div>\r\n                                                            <span class=\"overline\">2024<\/span>\r\n                                                        <h4>Bester europ\u00e4ischer Betreiber<\/h4>\r\n                                                            <p class=\"body1\">Als bestes Fine &amp; Country B\u00fcro in Europa geehrt \u2013 f\u00fcr Servicequalit\u00e4t, Leistungsst\u00e4rke und Markenf\u00fchrung.\r\n<\/p>\r\n                                                    <\/div>\r\n                    <\/div>\r\n                                    <div class=\"gpc-awrds-flex-Item\">\r\n                        <div class=\"awrds-item-content\">\r\n                                                            <div class=\"awrds-item_img\">\r\n                                    <img decoding=\"async\" width=\"320\" height=\"220\" src=\"https:\/\/finoproperties.com\/wp-content\/uploads\/2024\/08\/FiveStar-Noms-MAP_6296_original.webp\" class=\"attachment-full size-full\" alt=\"\" srcset=\"https:\/\/finoproperties.com\/wp-content\/uploads\/2024\/08\/FiveStar-Noms-MAP_6296_original.webp 320w, https:\/\/finoproperties.com\/wp-content\/uploads\/2024\/08\/FiveStar-Noms-MAP_6296_original-300x206.webp 300w\" sizes=\"(max-width: 320px) 100vw, 320px\" \/>                                <\/div>\r\n                                                            <span class=\"overline\">2024<\/span>\r\n                                                        <h4>Bester internationaler Betreiber<\/h4>\r\n                                                            <p class=\"body1\">Eine seltene und hoch angesehene Auszeichnung f\u00fcr das weltweit beste Fine &amp; Country B\u00fcro \u2013 in Anerkennung unseres globalen Einflusses und herausragender Standards.\r\n<\/p>\r\n                                                    <\/div>\r\n                    <\/div>\r\n                            <\/div>\r\n            <\/div>\r\n<\/section>\n\n<section class=\"gpc-image-block\" id=\"gpc-image-block-block_ea9907fca359d810b3658f306ecf9c8b\" style=\"background-image:url(https:\/\/finoproperties.com\/wp-content\/uploads\/2024\/07\/iMAGE-1.png)\">\r\n<\/section>","protected":false},"excerpt":{"rendered":"","protected":false},"author":3,"featured_media":0,"parent":598,"menu_order":0,"comment_status":"closed","ping_status":"closed","template":"","meta":{"_acf_changed":false,"footnotes":""},"class_list":["post-638","page","type-page","status-publish"],"acf":[],"yoast_head":"<!-- This site is optimized with the Yoast SEO Premium plugin v23.1 (Yoast SEO v23.1) - https:\/\/yoast.com\/wordpress\/plugins\/seo\/ -->\n<title>Awards - Fine &amp; Country Algarve<\/title>\n<meta name=\"robots\" content=\"index, follow, max-snippet:-1, max-image-preview:large, max-video-preview:-1\" \/>\n<link rel=\"canonical\" href=\"https:\/\/finoproperties.com\/de\/ueber-uns\/auszeichnungen\/\" \/>\n<meta property=\"og:locale\" content=\"de_DE\" \/>\n<meta property=\"og:type\" content=\"article\" \/>\n<meta property=\"og:title\" content=\"Awards\" \/>\n<meta property=\"og:url\" content=\"https:\/\/finoproperties.com\/de\/ueber-uns\/auszeichnungen\/\" \/>\n<meta property=\"og:site_name\" content=\"Fine &amp; Country Algarve\" \/>\n<meta property=\"article:modified_time\" content=\"2025-12-15T16:38:22+00:00\" \/>\n<meta name=\"twitter:card\" content=\"summary_large_image\" \/>\n<script type=\"application\/ld+json\" class=\"yoast-schema-graph\">{\"@context\":\"https:\/\/schema.org\",\"@graph\":[{\"@type\":\"WebPage\",\"@id\":\"https:\/\/finoproperties.com\/de\/ueber-uns\/auszeichnungen\/\",\"url\":\"https:\/\/finoproperties.com\/de\/ueber-uns\/auszeichnungen\/\",\"name\":\"Awards - Fine &amp; Country Algarve\",\"isPartOf\":{\"@id\":\"https:\/\/finoproperties.com\/de\/#website\"},\"datePublished\":\"2024-08-08T11:17:49+00:00\",\"dateModified\":\"2025-12-15T16:38:22+00:00\",\"breadcrumb\":{\"@id\":\"https:\/\/finoproperties.com\/de\/ueber-uns\/auszeichnungen\/#breadcrumb\"},\"inLanguage\":\"de\",\"potentialAction\":[{\"@type\":\"ReadAction\",\"target\":[\"https:\/\/finoproperties.com\/de\/ueber-uns\/auszeichnungen\/\"]}]},{\"@type\":\"BreadcrumbList\",\"@id\":\"https:\/\/finoproperties.com\/de\/ueber-uns\/auszeichnungen\/#breadcrumb\",\"itemListElement\":[{\"@type\":\"ListItem\",\"position\":1,\"name\":\"Home\",\"item\":\"https:\/\/finoproperties.com\/\"},{\"@type\":\"ListItem\",\"position\":2,\"name\":\"About Us\",\"item\":\"https:\/\/finoproperties.com\/about-us\/\"},{\"@type\":\"ListItem\",\"position\":3,\"name\":\"Awards\"}]},{\"@type\":\"WebSite\",\"@id\":\"https:\/\/finoproperties.com\/de\/#website\",\"url\":\"https:\/\/finoproperties.com\/de\/\",\"name\":\"Fine &amp; Country Algarve\",\"description\":\"Exceptional homes, beautifully presented\",\"publisher\":{\"@id\":\"https:\/\/finoproperties.com\/de\/#organization\"},\"potentialAction\":[{\"@type\":\"SearchAction\",\"target\":{\"@type\":\"EntryPoint\",\"urlTemplate\":\"https:\/\/finoproperties.com\/de\/?s={search_term_string}\"},\"query-input\":\"required name=search_term_string\"}],\"inLanguage\":\"de\"},{\"@type\":\"Organization\",\"@id\":\"https:\/\/finoproperties.com\/de\/#organization\",\"name\":\"Fine &amp; Country Algarve\",\"url\":\"https:\/\/finoproperties.com\/de\/\",\"logo\":{\"@type\":\"ImageObject\",\"inLanguage\":\"de\",\"@id\":\"https:\/\/finoproperties.com\/de\/#\/schema\/logo\/image\/\",\"url\":\"https:\/\/finoproperties.com\/wp-content\/uploads\/2026\/02\/FC-Logo-Stacked_Full-Colour.png\",\"contentUrl\":\"https:\/\/finoproperties.com\/wp-content\/uploads\/2026\/02\/FC-Logo-Stacked_Full-Colour.png\",\"width\":3205,\"height\":822,\"caption\":\"Fine &amp; Country Algarve\"},\"image\":{\"@id\":\"https:\/\/finoproperties.com\/de\/#\/schema\/logo\/image\/\"}}]}<\/script>\n<!-- \/ Yoast SEO Premium plugin. -->","yoast_head_json":{"title":"Awards - Fine &amp; Country Algarve","robots":{"index":"index","follow":"follow","max-snippet":"max-snippet:-1","max-image-preview":"max-image-preview:large","max-video-preview":"max-video-preview:-1"},"canonical":"https:\/\/finoproperties.com\/de\/ueber-uns\/auszeichnungen\/","og_locale":"de_DE","og_type":"article","og_title":"Awards","og_url":"https:\/\/finoproperties.com\/de\/ueber-uns\/auszeichnungen\/","og_site_name":"Fine &amp; Country Algarve","article_modified_time":"2025-12-15T16:38:22+00:00","twitter_card":"summary_large_image","schema":{"@context":"https:\/\/schema.org","@graph":[{"@type":"WebPage","@id":"https:\/\/finoproperties.com\/de\/ueber-uns\/auszeichnungen\/","url":"https:\/\/finoproperties.com\/de\/ueber-uns\/auszeichnungen\/","name":"Awards - Fine &amp; Country Algarve","isPartOf":{"@id":"https:\/\/finoproperties.com\/de\/#website"},"datePublished":"2024-08-08T11:17:49+00:00","dateModified":"2025-12-15T16:38:22+00:00","breadcrumb":{"@id":"https:\/\/finoproperties.com\/de\/ueber-uns\/auszeichnungen\/#breadcrumb"},"inLanguage":"de","potentialAction":[{"@type":"ReadAction","target":["https:\/\/finoproperties.com\/de\/ueber-uns\/auszeichnungen\/"]}]},{"@type":"BreadcrumbList","@id":"https:\/\/finoproperties.com\/de\/ueber-uns\/auszeichnungen\/#breadcrumb","itemListElement":[{"@type":"ListItem","position":1,"name":"Home","item":"https:\/\/finoproperties.com\/"},{"@type":"ListItem","position":2,"name":"About Us","item":"https:\/\/finoproperties.com\/about-us\/"},{"@type":"ListItem","position":3,"name":"Awards"}]},{"@type":"WebSite","@id":"https:\/\/finoproperties.com\/de\/#website","url":"https:\/\/finoproperties.com\/de\/","name":"Fine &amp; Country Algarve","description":"Exceptional homes, beautifully presented","publisher":{"@id":"https:\/\/finoproperties.com\/de\/#organization"},"potentialAction":[{"@type":"SearchAction","target":{"@type":"EntryPoint","urlTemplate":"https:\/\/finoproperties.com\/de\/?s={search_term_string}"},"query-input":"required name=search_term_string"}],"inLanguage":"de"},{"@type":"Organization","@id":"https:\/\/finoproperties.com\/de\/#organization","name":"Fine &amp; Country Algarve","url":"https:\/\/finoproperties.com\/de\/","logo":{"@type":"ImageObject","inLanguage":"de","@id":"https:\/\/finoproperties.com\/de\/#\/schema\/logo\/image\/","url":"https:\/\/finoproperties.com\/wp-content\/uploads\/2026\/02\/FC-Logo-Stacked_Full-Colour.png","contentUrl":"https:\/\/finoproperties.com\/wp-content\/uploads\/2026\/02\/FC-Logo-Stacked_Full-Colour.png","width":3205,"height":822,"caption":"Fine &amp; Country Algarve"},"image":{"@id":"https:\/\/finoproperties.com\/de\/#\/schema\/logo\/image\/"}}]}},"_links":{"self":[{"href":"https:\/\/finoproperties.com\/de\/wp-json\/wp\/v2\/pages\/638","targetHints":{"allow":["GET"]}}],"collection":[{"href":"https:\/\/finoproperties.com\/de\/wp-json\/wp\/v2\/pages"}],"about":[{"href":"https:\/\/finoproperties.com\/de\/wp-json\/wp\/v2\/types\/page"}],"author":[{"embeddable":true,"href":"https:\/\/finoproperties.com\/de\/wp-json\/wp\/v2\/users\/3"}],"replies":[{"embeddable":true,"href":"https:\/\/finoproperties.com\/de\/wp-json\/wp\/v2\/comments?post=638"}],"version-history":[{"count":11,"href":"https:\/\/finoproperties.com\/de\/wp-json\/wp\/v2\/pages\/638\/revisions"}],"predecessor-version":[{"id":1785,"href":"https:\/\/finoproperties.com\/de\/wp-json\/wp\/v2\/pages\/638\/revisions\/1785"}],"up":[{"embeddable":true,"href":"https:\/\/finoproperties.com\/de\/wp-json\/wp\/v2\/pages\/598"}],"wp:attachment":[{"href":"https:\/\/finoproperties.com\/de\/wp-json\/wp\/v2\/media?parent=638"}],"curies":[{"name":"wp","href":"https:\/\/api.w.org\/{rel}","templated":true}]}}